

{"id":2653,"date":"2023-05-18T14:10:01","date_gmt":"2023-05-18T14:10:01","guid":{"rendered":"https:\/\/rumboalcielo.org\/las-benditas-almas-del-purgatorio\/?page_id=2653"},"modified":"2024-05-28T13:48:31","modified_gmt":"2024-05-28T13:48:31","slug":"oraciones-basicas","status":"publish","type":"page","link":"https:\/\/rumboalcielo.org\/las-benditas-almas-del-purgatorio\/oraciones-basicas\/","title":{"rendered":"Oraci\u00f3nes B\u00e1sicas"},"content":{"rendered":"\n<hr class=\"wp-block-separator has-alpha-channel-opacity\"\/>\n\n\n<div class=\"wp-block-ub-content-toggle\" id=\"ub-content-toggle-8f3ab440-350e-4753-8a62-6c5c49b8203b\" data-showonlyone=\"true\" data-mobilecollapse=\"true\" data-desktopcollapse=\"true\">\n<div class=\"wp-block-ub-content-toggle-accordion\" id=\"ub-content-toggle-panel-block-404016ac-2ffc-4cb9-8788-a7f4dd96d7ad\">\n                <div class=\"wp-block-ub-content-toggle-accordion-title-wrap\"\" aria-controls=\"ub-content-toggle-panel-0-8f3ab440-350e-4753-8a62-6c5c49b8203b\" tabindex=\"0\">\n                    <p class=\"wp-block-ub-content-toggle-accordion-title ub-content-toggle-title-8f3ab440-350e-4753-8a62-6c5c49b8203b\">Requiem\u00a0Aeternam<\/p><div class=\"wp-block-ub-content-toggle-accordion-toggle-wrap right\"><span class=\"wp-block-ub-content-toggle-accordion-state-indicator wp-block-ub-chevron-down\"><\/span>\n                    <\/div><\/div><div role=\"region\" aria-expanded=\"false\" class=\"wp-block-ub-content-toggle-accordion-content-wrap ub-hide\" id=\"ub-content-toggle-panel-0-8f3ab440-350e-4753-8a62-6c5c49b8203b\">\n\n<p>Dale Se\u00f1or el descanso eterno. Brille para \u00e9l la luz perpetua.\u00a0 Descanse en paz.<br>Am\u00e9n.<\/p>\n\n<\/div><\/div>\n\n<div class=\"wp-block-ub-content-toggle-accordion\" id=\"ub-content-toggle-panel-block-40ec27bc-176a-4f50-8d4e-ae0e16369322\">\n                <div class=\"wp-block-ub-content-toggle-accordion-title-wrap\"\" aria-controls=\"ub-content-toggle-panel-1-8f3ab440-350e-4753-8a62-6c5c49b8203b\" tabindex=\"0\">\n                    <p class=\"wp-block-ub-content-toggle-accordion-title ub-content-toggle-title-8f3ab440-350e-4753-8a62-6c5c49b8203b\">De Profundis<\/p><div class=\"wp-block-ub-content-toggle-accordion-toggle-wrap right\"><span class=\"wp-block-ub-content-toggle-accordion-state-indicator wp-block-ub-chevron-down\"><\/span>\n                    <\/div><\/div><div role=\"region\" aria-expanded=\"false\" class=\"wp-block-ub-content-toggle-accordion-content-wrap ub-hide\" id=\"ub-content-toggle-panel-1-8f3ab440-350e-4753-8a62-6c5c49b8203b\">\n\n<p>Desde lo m\u00e1s profundo te invoco, Se\u00f1or,<br>\u00a1Se\u00f1or, oye mi voz!<br>Est\u00e9n tus o\u00eddos atentos<br>al clamor de mi plegaria.<\/p>\n\n\n\n<p>Si tienes en cuenta las culpas, Se\u00f1or,<br>\u00bfqui\u00e9n podr\u00e1 subsistir?<br>Pero en ti se encuentra el perd\u00f3n,<br>para que seas temido.<\/p>\n\n\n\n<p>Mi alma espera en el Se\u00f1or,<br>y yo conf\u00edo en su palabra.<br>Mi alma espera al Se\u00f1or,<br>m\u00e1s que el centinela la aurora.<\/p>\n\n\n\n<p>Como el centinela espera la aurora,<br>espere Israel al Se\u00f1or,<br>porque en \u00e9l se encuentra la misericordia<br>y la redenci\u00f3n en abundancia:<br>\u00e9l redimir\u00e1 a Israel<br>de todos sus pecados.<\/p>\n\n<\/div><\/div>\n<\/div>","protected":false},"excerpt":{"rendered":"","protected":false},"author":2,"featured_media":4094,"parent":0,"menu_order":0,"comment_status":"closed","ping_status":"closed","template":"","meta":{"_uag_custom_page_level_css":"","ub_ctt_via":"","_monsterinsights_skip_tracking":false,"_monsterinsights_sitenote_active":false,"_monsterinsights_sitenote_note":"","_monsterinsights_sitenote_category":0,"_EventAllDay":false,"_EventTimezone":"","_EventStartDate":"","_EventEndDate":"","_EventStartDateUTC":"","_EventEndDateUTC":"","_EventShowMap":false,"_EventShowMapLink":false,"_EventURL":"","_EventCost":"","_EventCostDescription":"","_EventCurrencySymbol":"","_EventCurrencyCode":"","_EventCurrencyPosition":"","_EventDateTimeSeparator":"","_EventTimeRangeSeparator":"","_EventOrganizerID":[],"_EventVenueID":[],"_OrganizerEmail":"","_OrganizerPhone":"","_OrganizerWebsite":"","_VenueAddress":"","_VenueCity":"","_VenueCountry":"","_VenueProvince":"","_VenueState":"","_VenueZip":"","_VenuePhone":"","_VenueURL":"","_VenueStateProvince":"","_VenueLat":"","_VenueLng":"","_VenueShowMap":false,"_VenueShowMapLink":false,"footnotes":""},"categories":[],"tags":[],"class_list":["post-2653","page","type-page","status-publish","has-post-thumbnail","hentry"],"featured_image_src":"https:\/\/rumboalcielo.org\/las-benditas-almas-del-purgatorio\/wp-content\/uploads\/2024\/05\/Untitled-design-3.png","yoast_head":"<!-- This site is optimized with the Yoast SEO plugin v23.8 - https:\/\/yoast.com\/wordpress\/plugins\/seo\/ -->\n<title>Oraci\u00f3nes B\u00e1sicas - RUMBO AL CIELO<\/title>\n<meta name=\"robots\" content=\"index, follow, max-snippet:-1, max-image-preview:large, max-video-preview:-1\" \/>\n<link rel=\"canonical\" href=\"https:\/\/rumboalcielo.org\/las-benditas-almas-del-purgatorio\/oraciones-basicas\/\" \/>\n<meta property=\"og:locale\" content=\"es_ES\" \/>\n<meta property=\"og:type\" content=\"article\" \/>\n<meta property=\"og:title\" content=\"Oraci\u00f3nes B\u00e1sicas - RUMBO AL CIELO\" \/>\n<meta property=\"og:url\" content=\"https:\/\/rumboalcielo.org\/las-benditas-almas-del-purgatorio\/oraciones-basicas\/\" \/>\n<meta property=\"og:site_name\" content=\"RUMBO AL CIELO\" \/>\n<meta property=\"article:modified_time\" content=\"2024-05-28T13:48:31+00:00\" \/>\n<meta property=\"og:image\" content=\"https:\/\/rumboalcielo.org\/las-benditas-almas-del-purgatorio\/wp-content\/uploads\/2024\/05\/Untitled-design-3.png\" \/>\n\t<meta property=\"og:image:width\" content=\"1000\" \/>\n\t<meta property=\"og:image:height\" content=\"250\" \/>\n\t<meta property=\"og:image:type\" content=\"image\/png\" \/>\n<meta name=\"twitter:card\" content=\"summary_large_image\" \/>\n<meta name=\"twitter:label1\" content=\"Tiempo de lectura\" \/>\n\t<meta name=\"twitter:data1\" content=\"1 minuto\" \/>\n<script type=\"application\/ld+json\" class=\"yoast-schema-graph\">{\"@context\":\"https:\/\/schema.org\",\"@graph\":[{\"@type\":\"WebPage\",\"@id\":\"https:\/\/rumboalcielo.org\/las-benditas-almas-del-purgatorio\/oraciones-basicas\/\",\"url\":\"https:\/\/rumboalcielo.org\/las-benditas-almas-del-purgatorio\/oraciones-basicas\/\",\"name\":\"Oraci\u00f3nes B\u00e1sicas - RUMBO AL CIELO\",\"isPartOf\":{\"@id\":\"https:\/\/rumboalcielo.org\/las-benditas-almas-del-purgatorio\/#website\"},\"primaryImageOfPage\":{\"@id\":\"https:\/\/rumboalcielo.org\/las-benditas-almas-del-purgatorio\/oraciones-basicas\/#primaryimage\"},\"image\":{\"@id\":\"https:\/\/rumboalcielo.org\/las-benditas-almas-del-purgatorio\/oraciones-basicas\/#primaryimage\"},\"thumbnailUrl\":\"https:\/\/rumboalcielo.org\/las-benditas-almas-del-purgatorio\/wp-content\/uploads\/2024\/05\/Untitled-design-3.png\",\"datePublished\":\"2023-05-18T14:10:01+00:00\",\"dateModified\":\"2024-05-28T13:48:31+00:00\",\"inLanguage\":\"es\",\"potentialAction\":[{\"@type\":\"ReadAction\",\"target\":[\"https:\/\/rumboalcielo.org\/las-benditas-almas-del-purgatorio\/oraciones-basicas\/\"]}]},{\"@type\":\"ImageObject\",\"inLanguage\":\"es\",\"@id\":\"https:\/\/rumboalcielo.org\/las-benditas-almas-del-purgatorio\/oraciones-basicas\/#primaryimage\",\"url\":\"https:\/\/rumboalcielo.org\/las-benditas-almas-del-purgatorio\/wp-content\/uploads\/2024\/05\/Untitled-design-3.png\",\"contentUrl\":\"https:\/\/rumboalcielo.org\/las-benditas-almas-del-purgatorio\/wp-content\/uploads\/2024\/05\/Untitled-design-3.png\",\"width\":1000,\"height\":250},{\"@type\":\"WebSite\",\"@id\":\"https:\/\/rumboalcielo.org\/las-benditas-almas-del-purgatorio\/#website\",\"url\":\"https:\/\/rumboalcielo.org\/las-benditas-almas-del-purgatorio\/\",\"name\":\"RUMBO AL CIELO\",\"description\":\"LAS BENDITAS ALMAS DEL PURGATORIO\",\"potentialAction\":[{\"@type\":\"SearchAction\",\"target\":{\"@type\":\"EntryPoint\",\"urlTemplate\":\"https:\/\/rumboalcielo.org\/las-benditas-almas-del-purgatorio\/?s={search_term_string}\"},\"query-input\":{\"@type\":\"PropertyValueSpecification\",\"valueRequired\":true,\"valueName\":\"search_term_string\"}}],\"inLanguage\":\"es\"}]}<\/script>\n<!-- \/ Yoast SEO plugin. -->","yoast_head_json":{"title":"Oraci\u00f3nes B\u00e1sicas - RUMBO AL CIELO","robots":{"index":"index","follow":"follow","max-snippet":"max-snippet:-1","max-image-preview":"max-image-preview:large","max-video-preview":"max-video-preview:-1"},"canonical":"https:\/\/rumboalcielo.org\/las-benditas-almas-del-purgatorio\/oraciones-basicas\/","og_locale":"es_ES","og_type":"article","og_title":"Oraci\u00f3nes B\u00e1sicas - RUMBO AL CIELO","og_url":"https:\/\/rumboalcielo.org\/las-benditas-almas-del-purgatorio\/oraciones-basicas\/","og_site_name":"RUMBO AL CIELO","article_modified_time":"2024-05-28T13:48:31+00:00","og_image":[{"width":1000,"height":250,"url":"https:\/\/rumboalcielo.org\/las-benditas-almas-del-purgatorio\/wp-content\/uploads\/2024\/05\/Untitled-design-3.png","type":"image\/png"}],"twitter_card":"summary_large_image","twitter_misc":{"Tiempo de lectura":"1 minuto"},"schema":{"@context":"https:\/\/schema.org","@graph":[{"@type":"WebPage","@id":"https:\/\/rumboalcielo.org\/las-benditas-almas-del-purgatorio\/oraciones-basicas\/","url":"https:\/\/rumboalcielo.org\/las-benditas-almas-del-purgatorio\/oraciones-basicas\/","name":"Oraci\u00f3nes B\u00e1sicas - RUMBO AL CIELO","isPartOf":{"@id":"https:\/\/rumboalcielo.org\/las-benditas-almas-del-purgatorio\/#website"},"primaryImageOfPage":{"@id":"https:\/\/rumboalcielo.org\/las-benditas-almas-del-purgatorio\/oraciones-basicas\/#primaryimage"},"image":{"@id":"https:\/\/rumboalcielo.org\/las-benditas-almas-del-purgatorio\/oraciones-basicas\/#primaryimage"},"thumbnailUrl":"https:\/\/rumboalcielo.org\/las-benditas-almas-del-purgatorio\/wp-content\/uploads\/2024\/05\/Untitled-design-3.png","datePublished":"2023-05-18T14:10:01+00:00","dateModified":"2024-05-28T13:48:31+00:00","inLanguage":"es","potentialAction":[{"@type":"ReadAction","target":["https:\/\/rumboalcielo.org\/las-benditas-almas-del-purgatorio\/oraciones-basicas\/"]}]},{"@type":"ImageObject","inLanguage":"es","@id":"https:\/\/rumboalcielo.org\/las-benditas-almas-del-purgatorio\/oraciones-basicas\/#primaryimage","url":"https:\/\/rumboalcielo.org\/las-benditas-almas-del-purgatorio\/wp-content\/uploads\/2024\/05\/Untitled-design-3.png","contentUrl":"https:\/\/rumboalcielo.org\/las-benditas-almas-del-purgatorio\/wp-content\/uploads\/2024\/05\/Untitled-design-3.png","width":1000,"height":250},{"@type":"WebSite","@id":"https:\/\/rumboalcielo.org\/las-benditas-almas-del-purgatorio\/#website","url":"https:\/\/rumboalcielo.org\/las-benditas-almas-del-purgatorio\/","name":"RUMBO AL CIELO","description":"LAS BENDITAS ALMAS DEL PURGATORIO","potentialAction":[{"@type":"SearchAction","target":{"@type":"EntryPoint","urlTemplate":"https:\/\/rumboalcielo.org\/las-benditas-almas-del-purgatorio\/?s={search_term_string}"},"query-input":{"@type":"PropertyValueSpecification","valueRequired":true,"valueName":"search_term_string"}}],"inLanguage":"es"}]}},"uagb_featured_image_src":{"full":["https:\/\/rumboalcielo.org\/las-benditas-almas-del-purgatorio\/wp-content\/uploads\/2024\/05\/Untitled-design-3.png",1000,250,false],"thumbnail":["https:\/\/rumboalcielo.org\/las-benditas-almas-del-purgatorio\/wp-content\/uploads\/2024\/05\/Untitled-design-3-150x150.png",150,150,true],"medium":["https:\/\/rumboalcielo.org\/las-benditas-almas-del-purgatorio\/wp-content\/uploads\/2024\/05\/Untitled-design-3-300x75.png",300,75,true],"medium_large":["https:\/\/rumboalcielo.org\/las-benditas-almas-del-purgatorio\/wp-content\/uploads\/2024\/05\/Untitled-design-3-768x192.png",640,160,true],"large":["https:\/\/rumboalcielo.org\/las-benditas-almas-del-purgatorio\/wp-content\/uploads\/2024\/05\/Untitled-design-3.png",640,160,false],"1536x1536":["https:\/\/rumboalcielo.org\/las-benditas-almas-del-purgatorio\/wp-content\/uploads\/2024\/05\/Untitled-design-3.png",1000,250,false],"2048x2048":["https:\/\/rumboalcielo.org\/las-benditas-almas-del-purgatorio\/wp-content\/uploads\/2024\/05\/Untitled-design-3.png",1000,250,false],"post-thumbnail":["https:\/\/rumboalcielo.org\/las-benditas-almas-del-purgatorio\/wp-content\/uploads\/2024\/05\/Untitled-design-3-300x75.png",300,75,true],"minimalistblogger-grid":["https:\/\/rumboalcielo.org\/las-benditas-almas-del-purgatorio\/wp-content\/uploads\/2024\/05\/Untitled-design-3-350x230.png",350,230,true],"minimalistblogger-slider":["https:\/\/rumboalcielo.org\/las-benditas-almas-del-purgatorio\/wp-content\/uploads\/2024\/05\/Untitled-design-3-850x213.png",850,213,true],"minimalistblogger-small":["https:\/\/rumboalcielo.org\/las-benditas-almas-del-purgatorio\/wp-content\/uploads\/2024\/05\/Untitled-design-3-300x180.png",300,180,true]},"uagb_author_info":{"display_name":"Josue","author_link":"https:\/\/rumboalcielo.org\/las-benditas-almas-del-purgatorio\/author\/josuelinked\/"},"uagb_comment_info":0,"uagb_excerpt":null,"_links":{"self":[{"href":"https:\/\/rumboalcielo.org\/las-benditas-almas-del-purgatorio\/wp-json\/wp\/v2\/pages\/2653","targetHints":{"allow":["GET"]}}],"collection":[{"href":"https:\/\/rumboalcielo.org\/las-benditas-almas-del-purgatorio\/wp-json\/wp\/v2\/pages"}],"about":[{"href":"https:\/\/rumboalcielo.org\/las-benditas-almas-del-purgatorio\/wp-json\/wp\/v2\/types\/page"}],"author":[{"embeddable":true,"href":"https:\/\/rumboalcielo.org\/las-benditas-almas-del-purgatorio\/wp-json\/wp\/v2\/users\/2"}],"replies":[{"embeddable":true,"href":"https:\/\/rumboalcielo.org\/las-benditas-almas-del-purgatorio\/wp-json\/wp\/v2\/comments?post=2653"}],"version-history":[{"count":41,"href":"https:\/\/rumboalcielo.org\/las-benditas-almas-del-purgatorio\/wp-json\/wp\/v2\/pages\/2653\/revisions"}],"predecessor-version":[{"id":4097,"href":"https:\/\/rumboalcielo.org\/las-benditas-almas-del-purgatorio\/wp-json\/wp\/v2\/pages\/2653\/revisions\/4097"}],"wp:featuredmedia":[{"embeddable":true,"href":"https:\/\/rumboalcielo.org\/las-benditas-almas-del-purgatorio\/wp-json\/wp\/v2\/media\/4094"}],"wp:attachment":[{"href":"https:\/\/rumboalcielo.org\/las-benditas-almas-del-purgatorio\/wp-json\/wp\/v2\/media?parent=2653"}],"wp:term":[{"taxonomy":"category","embeddable":true,"href":"https:\/\/rumboalcielo.org\/las-benditas-almas-del-purgatorio\/wp-json\/wp\/v2\/categories?post=2653"},{"taxonomy":"post_tag","embeddable":true,"href":"https:\/\/rumboalcielo.org\/las-benditas-almas-del-purgatorio\/wp-json\/wp\/v2\/tags?post=2653"}],"curies":[{"name":"wp","href":"https:\/\/api.w.org\/{rel}","templated":true}]}}