

{"id":3002,"date":"2023-05-26T13:58:38","date_gmt":"2023-05-26T13:58:38","guid":{"rendered":"https:\/\/rumboalcielo.org\/las-benditas-almas-del-purgatorio\/?page_id=3002"},"modified":"2024-05-28T13:42:54","modified_gmt":"2024-05-28T13:42:54","slug":"cien-requiem","status":"publish","type":"page","link":"https:\/\/rumboalcielo.org\/las-benditas-almas-del-purgatorio\/oraciones\/cien-requiem\/","title":{"rendered":"Cien R\u00e9quiem"},"content":{"rendered":"\n<hr class=\"wp-block-separator has-alpha-channel-opacity\"\/>\n\n\n<div class=\"wp-block-ub-content-toggle\" id=\"ub-content-toggle-d7b2378b-461e-40a9-9083-9fc05094e866\" data-showonlyone=\"true\" data-mobilecollapse=\"false\" data-desktopcollapse=\"true\">\n<div class=\"wp-block-ub-content-toggle-accordion\" id=\"ub-content-toggle-panel-block-\">\n                <div class=\"wp-block-ub-content-toggle-accordion-title-wrap\"\" aria-controls=\"ub-content-toggle-panel-0-d7b2378b-461e-40a9-9083-9fc05094e866\" tabindex=\"0\">\n                    <p class=\"wp-block-ub-content-toggle-accordion-title ub-content-toggle-title-d7b2378b-461e-40a9-9083-9fc05094e866\">La Se\u00f1al de la Cruz<\/p><div class=\"wp-block-ub-content-toggle-accordion-toggle-wrap right\"><span class=\"wp-block-ub-content-toggle-accordion-state-indicator wp-block-ub-chevron-down\"><\/span>\n                    <\/div><\/div><div role=\"region\" aria-expanded=\"false\" class=\"wp-block-ub-content-toggle-accordion-content-wrap ub-hide\" id=\"ub-content-toggle-panel-0-d7b2378b-461e-40a9-9083-9fc05094e866\">\n\n<p>En el nombre del Padre, Y del Hijo, Y del Esp\u00edritu Santo.<br>Am\u00e9n.<\/p>\n\n<\/div><\/div>\n<\/div>\n\n\n<h4 class=\"wp-block-heading\">Se Reza Diez (10) Veces<\/h4>\n\n\n<div class=\"wp-block-ub-content-toggle\" id=\"ub-content-toggle-6232f180-58b4-4df5-b75d-f34d6f65f3c5\" data-showonlyone=\"true\" data-mobilecollapse=\"false\" data-desktopcollapse=\"true\">\n<div class=\"wp-block-ub-content-toggle-accordion\" id=\"ub-content-toggle-panel-block-\">\n                <div class=\"wp-block-ub-content-toggle-accordion-title-wrap\"\" aria-controls=\"ub-content-toggle-panel-0-6232f180-58b4-4df5-b75d-f34d6f65f3c5\" tabindex=\"0\">\n                    <p class=\"wp-block-ub-content-toggle-accordion-title ub-content-toggle-title-6232f180-58b4-4df5-b75d-f34d6f65f3c5\">Padrenuestro<\/p><div class=\"wp-block-ub-content-toggle-accordion-toggle-wrap right\"><span class=\"wp-block-ub-content-toggle-accordion-state-indicator wp-block-ub-chevron-down\"><\/span>\n                    <\/div><\/div><div role=\"region\" aria-expanded=\"false\" class=\"wp-block-ub-content-toggle-accordion-content-wrap ub-hide\" id=\"ub-content-toggle-panel-0-6232f180-58b4-4df5-b75d-f34d6f65f3c5\">\n\n<p>Padre nuestro que est\u00e1s en el cielo, santificado sea tu Nombre; venga a nosotros tu reino; h\u00e1gase tu  voluntad en la tierra como en el cielo. Danos hoy nuestro pan de cada d\u00eda; perdona nuestras ofensas, como tambi\u00e9n nosotros perdonamos a los que nos ofenden; no nos dejes caer en la tentaci\u00f3n, y l\u00edbranos del mal. <br>Am\u00e9n.<\/p>\n\n<\/div><\/div>\n\n<div class=\"wp-block-ub-content-toggle-accordion\" id=\"ub-content-toggle-panel-block-\">\n                <div class=\"wp-block-ub-content-toggle-accordion-title-wrap\"\" aria-controls=\"ub-content-toggle-panel-1-6232f180-58b4-4df5-b75d-f34d6f65f3c5\" tabindex=\"0\">\n                    <p class=\"wp-block-ub-content-toggle-accordion-title ub-content-toggle-title-6232f180-58b4-4df5-b75d-f34d6f65f3c5\">Diez (10) R\u00e9quiem\u00a0Aeternam<\/p><div class=\"wp-block-ub-content-toggle-accordion-toggle-wrap right\"><span class=\"wp-block-ub-content-toggle-accordion-state-indicator wp-block-ub-chevron-down\"><\/span>\n                    <\/div><\/div><div role=\"region\" aria-expanded=\"false\" class=\"wp-block-ub-content-toggle-accordion-content-wrap ub-hide\" id=\"ub-content-toggle-panel-1-6232f180-58b4-4df5-b75d-f34d6f65f3c5\">\n\n<p><\/p>\n\n\n\n<p>Almas santas, almas purgantes, ruegan a Dios por nosotros, que nosotros rogaremos por ustedes para que \u00c9l les d\u00e9 la gloria del para\u00edso.<\/p>\n\n<\/div><\/div>\n\n<div class=\"wp-block-ub-content-toggle-accordion\" id=\"ub-content-toggle-panel-block-\">\n                <div class=\"wp-block-ub-content-toggle-accordion-title-wrap\"\" aria-controls=\"ub-content-toggle-panel-2-6232f180-58b4-4df5-b75d-f34d6f65f3c5\" tabindex=\"0\">\n                    <p class=\"wp-block-ub-content-toggle-accordion-title ub-content-toggle-title-6232f180-58b4-4df5-b75d-f34d6f65f3c5\">Jaculatoria<\/p><div class=\"wp-block-ub-content-toggle-accordion-toggle-wrap right\"><span class=\"wp-block-ub-content-toggle-accordion-state-indicator wp-block-ub-chevron-down\"><\/span>\n                    <\/div><\/div><div role=\"region\" aria-expanded=\"false\" class=\"wp-block-ub-content-toggle-accordion-content-wrap ub-hide\" id=\"ub-content-toggle-panel-2-6232f180-58b4-4df5-b75d-f34d6f65f3c5\">\n\n<p>Almas santas, almas purgantes, ruegan a Dios por nosotros, que nosotros rogaremos por ustedes para que \u00c9l les d\u00e9 la gloria del para\u00edso.<\/p>\n\n<\/div><\/div>\n\n<div class=\"wp-block-ub-content-toggle-accordion\" id=\"ub-content-toggle-panel-block-\">\n                <div class=\"wp-block-ub-content-toggle-accordion-title-wrap\"\" aria-controls=\"ub-content-toggle-panel-3-6232f180-58b4-4df5-b75d-f34d6f65f3c5\" tabindex=\"0\">\n                    <p class=\"wp-block-ub-content-toggle-accordion-title ub-content-toggle-title-6232f180-58b4-4df5-b75d-f34d6f65f3c5\">Ofrenda<\/p><div class=\"wp-block-ub-content-toggle-accordion-toggle-wrap right\"><span class=\"wp-block-ub-content-toggle-accordion-state-indicator wp-block-ub-chevron-down\"><\/span>\n                    <\/div><\/div><div role=\"region\" aria-expanded=\"false\" class=\"wp-block-ub-content-toggle-accordion-content-wrap ub-hide\" id=\"ub-content-toggle-panel-3-6232f180-58b4-4df5-b75d-f34d6f65f3c5\">\n\n<p>Padre eterno, te ofrecemos la sangre, pasi\u00f3n y muerte de Jesucristo, los dolores de la Sant\u00edsima Virgen y los de San Jos\u00e9, por la remisi\u00f3n de nuestros pecados, la libertad de las almas del Purgatorio y la conversi\u00f3n de los pecadores.<\/p>\n\n<\/div><\/div>\n<\/div>\n\n\n<h4 class=\"wp-block-heading\">Oraciones Finales<\/h4>\n\n\n<div class=\"wp-block-ub-content-toggle\" id=\"ub-content-toggle-db6476c3-ac14-403d-b705-00aeb6ef639a\" data-showonlyone=\"true\" data-mobilecollapse=\"false\" data-desktopcollapse=\"true\">\n<div class=\"wp-block-ub-content-toggle-accordion\" id=\"ub-content-toggle-panel-block-\">\n                <div class=\"wp-block-ub-content-toggle-accordion-title-wrap\"\" aria-controls=\"ub-content-toggle-panel-0-db6476c3-ac14-403d-b705-00aeb6ef639a\" tabindex=\"0\">\n                    <p class=\"wp-block-ub-content-toggle-accordion-title ub-content-toggle-title-db6476c3-ac14-403d-b705-00aeb6ef639a\">De Profundis<\/p><div class=\"wp-block-ub-content-toggle-accordion-toggle-wrap right\"><span class=\"wp-block-ub-content-toggle-accordion-state-indicator wp-block-ub-chevron-down\"><\/span>\n                    <\/div><\/div><div role=\"region\" aria-expanded=\"false\" class=\"wp-block-ub-content-toggle-accordion-content-wrap ub-hide\" id=\"ub-content-toggle-panel-0-db6476c3-ac14-403d-b705-00aeb6ef639a\">\n\n<p>Desde lo m\u00e1s profundo te invoco, Se\u00f1or,<br>\u00a1Se\u00f1or, oye mi voz!<br>Est\u00e9n tus o\u00eddos atentos<br>al clamor de mi plegaria.<\/p>\n\n\n\n<p>Si tienes en cuenta las culpas, Se\u00f1or,<br>\u00bfqui\u00e9n podr\u00e1 subsistir?<br>Pero en ti se encuentra el perd\u00f3n,<br>para que seas temido.<\/p>\n\n\n\n<p>Mi alma espera en el Se\u00f1or,<br>y yo conf\u00edo en su palabra.<br>Mi alma espera al Se\u00f1or,<br>m\u00e1s que el centinela la aurora.<\/p>\n\n\n\n<p>Como el centinela espera la aurora,<br>espere Israel al Se\u00f1or,<br>porque en \u00e9l se encuentra la misericordia<br>y la redenci\u00f3n en abundancia:<br>\u00e9l redimir\u00e1 a Israel<br>de todos sus pecados.<\/p>\n\n<\/div><\/div>\n\n<div class=\"wp-block-ub-content-toggle-accordion\" id=\"ub-content-toggle-panel-block-\">\n                <div class=\"wp-block-ub-content-toggle-accordion-title-wrap\"\" aria-controls=\"ub-content-toggle-panel-1-db6476c3-ac14-403d-b705-00aeb6ef639a\" tabindex=\"0\">\n                    <p class=\"wp-block-ub-content-toggle-accordion-title ub-content-toggle-title-db6476c3-ac14-403d-b705-00aeb6ef639a\">Encomend\u00e9monos a las Almas del Purgatorio<\/p><div class=\"wp-block-ub-content-toggle-accordion-toggle-wrap right\"><span class=\"wp-block-ub-content-toggle-accordion-state-indicator wp-block-ub-chevron-down\"><\/span>\n                    <\/div><\/div><div role=\"region\" aria-expanded=\"false\" class=\"wp-block-ub-content-toggle-accordion-content-wrap ub-hide\" id=\"ub-content-toggle-panel-1-db6476c3-ac14-403d-b705-00aeb6ef639a\">\n\n<p>\u00a1Almas benditas! nosotros hemos rogado por ustedes que son tan amadas de Dios y est\u00e1n seguras de no poderlo m\u00e1s perder: ruegan por nosotros miserables que estamos en peligro de condenarnos para siempre.<\/p>\n\n\n\n<p>\u00a1Dulce Jes\u00fas, dale descanso eterno a las Benditas almas del Purgatorio!<\/p>\n\n<\/div><\/div>\n<\/div>","protected":false},"excerpt":{"rendered":"","protected":false},"author":2,"featured_media":4094,"parent":565,"menu_order":0,"comment_status":"closed","ping_status":"closed","template":"","meta":{"_uag_custom_page_level_css":"","ub_ctt_via":"","_monsterinsights_skip_tracking":false,"_monsterinsights_sitenote_active":false,"_monsterinsights_sitenote_note":"","_monsterinsights_sitenote_category":0,"_EventAllDay":false,"_EventTimezone":"","_EventStartDate":"","_EventEndDate":"","_EventStartDateUTC":"","_EventEndDateUTC":"","_EventShowMap":false,"_EventShowMapLink":false,"_EventURL":"","_EventCost":"","_EventCostDescription":"","_EventCurrencySymbol":"","_EventCurrencyCode":"","_EventCurrencyPosition":"","_EventDateTimeSeparator":"","_EventTimeRangeSeparator":"","_EventOrganizerID":[],"_EventVenueID":[],"_OrganizerEmail":"","_OrganizerPhone":"","_OrganizerWebsite":"","_VenueAddress":"","_VenueCity":"","_VenueCountry":"","_VenueProvince":"","_VenueState":"","_VenueZip":"","_VenuePhone":"","_VenueURL":"","_VenueStateProvince":"","_VenueLat":"","_VenueLng":"","_VenueShowMap":false,"_VenueShowMapLink":false,"footnotes":""},"categories":[],"tags":[],"class_list":["post-3002","page","type-page","status-publish","has-post-thumbnail","hentry"],"featured_image_src":"https:\/\/rumboalcielo.org\/las-benditas-almas-del-purgatorio\/wp-content\/uploads\/2024\/05\/Untitled-design-3.png","yoast_head":"<!-- This site is optimized with the Yoast SEO plugin v23.8 - https:\/\/yoast.com\/wordpress\/plugins\/seo\/ -->\n<title>Cien R\u00e9quiem - RUMBO AL CIELO<\/title>\n<meta name=\"robots\" content=\"index, follow, max-snippet:-1, max-image-preview:large, max-video-preview:-1\" \/>\n<link rel=\"canonical\" href=\"https:\/\/rumboalcielo.org\/las-benditas-almas-del-purgatorio\/oraciones\/cien-requiem\/\" \/>\n<meta property=\"og:locale\" content=\"es_ES\" \/>\n<meta property=\"og:type\" content=\"article\" \/>\n<meta property=\"og:title\" content=\"Cien R\u00e9quiem - RUMBO AL CIELO\" \/>\n<meta property=\"og:url\" content=\"https:\/\/rumboalcielo.org\/las-benditas-almas-del-purgatorio\/oraciones\/cien-requiem\/\" \/>\n<meta property=\"og:site_name\" content=\"RUMBO AL CIELO\" \/>\n<meta property=\"article:modified_time\" content=\"2024-05-28T13:42:54+00:00\" \/>\n<meta property=\"og:image\" content=\"https:\/\/rumboalcielo.org\/las-benditas-almas-del-purgatorio\/wp-content\/uploads\/2024\/05\/Untitled-design-3.png\" \/>\n\t<meta property=\"og:image:width\" content=\"1000\" \/>\n\t<meta property=\"og:image:height\" content=\"250\" \/>\n\t<meta property=\"og:image:type\" content=\"image\/png\" \/>\n<meta name=\"twitter:card\" content=\"summary_large_image\" \/>\n<meta name=\"twitter:label1\" content=\"Tiempo de lectura\" \/>\n\t<meta name=\"twitter:data1\" content=\"1 minuto\" \/>\n<script type=\"application\/ld+json\" class=\"yoast-schema-graph\">{\"@context\":\"https:\/\/schema.org\",\"@graph\":[{\"@type\":\"WebPage\",\"@id\":\"https:\/\/rumboalcielo.org\/las-benditas-almas-del-purgatorio\/oraciones\/cien-requiem\/\",\"url\":\"https:\/\/rumboalcielo.org\/las-benditas-almas-del-purgatorio\/oraciones\/cien-requiem\/\",\"name\":\"Cien R\u00e9quiem - RUMBO AL CIELO\",\"isPartOf\":{\"@id\":\"https:\/\/rumboalcielo.org\/las-benditas-almas-del-purgatorio\/#website\"},\"primaryImageOfPage\":{\"@id\":\"https:\/\/rumboalcielo.org\/las-benditas-almas-del-purgatorio\/oraciones\/cien-requiem\/#primaryimage\"},\"image\":{\"@id\":\"https:\/\/rumboalcielo.org\/las-benditas-almas-del-purgatorio\/oraciones\/cien-requiem\/#primaryimage\"},\"thumbnailUrl\":\"https:\/\/rumboalcielo.org\/las-benditas-almas-del-purgatorio\/wp-content\/uploads\/2024\/05\/Untitled-design-3.png\",\"datePublished\":\"2023-05-26T13:58:38+00:00\",\"dateModified\":\"2024-05-28T13:42:54+00:00\",\"breadcrumb\":{\"@id\":\"https:\/\/rumboalcielo.org\/las-benditas-almas-del-purgatorio\/oraciones\/cien-requiem\/#breadcrumb\"},\"inLanguage\":\"es\",\"potentialAction\":[{\"@type\":\"ReadAction\",\"target\":[\"https:\/\/rumboalcielo.org\/las-benditas-almas-del-purgatorio\/oraciones\/cien-requiem\/\"]}]},{\"@type\":\"ImageObject\",\"inLanguage\":\"es\",\"@id\":\"https:\/\/rumboalcielo.org\/las-benditas-almas-del-purgatorio\/oraciones\/cien-requiem\/#primaryimage\",\"url\":\"https:\/\/rumboalcielo.org\/las-benditas-almas-del-purgatorio\/wp-content\/uploads\/2024\/05\/Untitled-design-3.png\",\"contentUrl\":\"https:\/\/rumboalcielo.org\/las-benditas-almas-del-purgatorio\/wp-content\/uploads\/2024\/05\/Untitled-design-3.png\",\"width\":1000,\"height\":250},{\"@type\":\"BreadcrumbList\",\"@id\":\"https:\/\/rumboalcielo.org\/las-benditas-almas-del-purgatorio\/oraciones\/cien-requiem\/#breadcrumb\",\"itemListElement\":[{\"@type\":\"ListItem\",\"position\":1,\"name\":\"Oremos\",\"item\":\"https:\/\/rumboalcielo.org\/las-benditas-almas-del-purgatorio\/oraciones\/\"},{\"@type\":\"ListItem\",\"position\":2,\"name\":\"Cien R\u00e9quiem\"}]},{\"@type\":\"WebSite\",\"@id\":\"https:\/\/rumboalcielo.org\/las-benditas-almas-del-purgatorio\/#website\",\"url\":\"https:\/\/rumboalcielo.org\/las-benditas-almas-del-purgatorio\/\",\"name\":\"RUMBO AL CIELO\",\"description\":\"LAS BENDITAS ALMAS DEL PURGATORIO\",\"potentialAction\":[{\"@type\":\"SearchAction\",\"target\":{\"@type\":\"EntryPoint\",\"urlTemplate\":\"https:\/\/rumboalcielo.org\/las-benditas-almas-del-purgatorio\/?s={search_term_string}\"},\"query-input\":{\"@type\":\"PropertyValueSpecification\",\"valueRequired\":true,\"valueName\":\"search_term_string\"}}],\"inLanguage\":\"es\"}]}<\/script>\n<!-- \/ Yoast SEO plugin. -->","yoast_head_json":{"title":"Cien R\u00e9quiem - RUMBO AL CIELO","robots":{"index":"index","follow":"follow","max-snippet":"max-snippet:-1","max-image-preview":"max-image-preview:large","max-video-preview":"max-video-preview:-1"},"canonical":"https:\/\/rumboalcielo.org\/las-benditas-almas-del-purgatorio\/oraciones\/cien-requiem\/","og_locale":"es_ES","og_type":"article","og_title":"Cien R\u00e9quiem - RUMBO AL CIELO","og_url":"https:\/\/rumboalcielo.org\/las-benditas-almas-del-purgatorio\/oraciones\/cien-requiem\/","og_site_name":"RUMBO AL CIELO","article_modified_time":"2024-05-28T13:42:54+00:00","og_image":[{"width":1000,"height":250,"url":"https:\/\/rumboalcielo.org\/las-benditas-almas-del-purgatorio\/wp-content\/uploads\/2024\/05\/Untitled-design-3.png","type":"image\/png"}],"twitter_card":"summary_large_image","twitter_misc":{"Tiempo de lectura":"1 minuto"},"schema":{"@context":"https:\/\/schema.org","@graph":[{"@type":"WebPage","@id":"https:\/\/rumboalcielo.org\/las-benditas-almas-del-purgatorio\/oraciones\/cien-requiem\/","url":"https:\/\/rumboalcielo.org\/las-benditas-almas-del-purgatorio\/oraciones\/cien-requiem\/","name":"Cien R\u00e9quiem - RUMBO AL CIELO","isPartOf":{"@id":"https:\/\/rumboalcielo.org\/las-benditas-almas-del-purgatorio\/#website"},"primaryImageOfPage":{"@id":"https:\/\/rumboalcielo.org\/las-benditas-almas-del-purgatorio\/oraciones\/cien-requiem\/#primaryimage"},"image":{"@id":"https:\/\/rumboalcielo.org\/las-benditas-almas-del-purgatorio\/oraciones\/cien-requiem\/#primaryimage"},"thumbnailUrl":"https:\/\/rumboalcielo.org\/las-benditas-almas-del-purgatorio\/wp-content\/uploads\/2024\/05\/Untitled-design-3.png","datePublished":"2023-05-26T13:58:38+00:00","dateModified":"2024-05-28T13:42:54+00:00","breadcrumb":{"@id":"https:\/\/rumboalcielo.org\/las-benditas-almas-del-purgatorio\/oraciones\/cien-requiem\/#breadcrumb"},"inLanguage":"es","potentialAction":[{"@type":"ReadAction","target":["https:\/\/rumboalcielo.org\/las-benditas-almas-del-purgatorio\/oraciones\/cien-requiem\/"]}]},{"@type":"ImageObject","inLanguage":"es","@id":"https:\/\/rumboalcielo.org\/las-benditas-almas-del-purgatorio\/oraciones\/cien-requiem\/#primaryimage","url":"https:\/\/rumboalcielo.org\/las-benditas-almas-del-purgatorio\/wp-content\/uploads\/2024\/05\/Untitled-design-3.png","contentUrl":"https:\/\/rumboalcielo.org\/las-benditas-almas-del-purgatorio\/wp-content\/uploads\/2024\/05\/Untitled-design-3.png","width":1000,"height":250},{"@type":"BreadcrumbList","@id":"https:\/\/rumboalcielo.org\/las-benditas-almas-del-purgatorio\/oraciones\/cien-requiem\/#breadcrumb","itemListElement":[{"@type":"ListItem","position":1,"name":"Oremos","item":"https:\/\/rumboalcielo.org\/las-benditas-almas-del-purgatorio\/oraciones\/"},{"@type":"ListItem","position":2,"name":"Cien R\u00e9quiem"}]},{"@type":"WebSite","@id":"https:\/\/rumboalcielo.org\/las-benditas-almas-del-purgatorio\/#website","url":"https:\/\/rumboalcielo.org\/las-benditas-almas-del-purgatorio\/","name":"RUMBO AL CIELO","description":"LAS BENDITAS ALMAS DEL PURGATORIO","potentialAction":[{"@type":"SearchAction","target":{"@type":"EntryPoint","urlTemplate":"https:\/\/rumboalcielo.org\/las-benditas-almas-del-purgatorio\/?s={search_term_string}"},"query-input":{"@type":"PropertyValueSpecification","valueRequired":true,"valueName":"search_term_string"}}],"inLanguage":"es"}]}},"uagb_featured_image_src":{"full":["https:\/\/rumboalcielo.org\/las-benditas-almas-del-purgatorio\/wp-content\/uploads\/2024\/05\/Untitled-design-3.png",1000,250,false],"thumbnail":["https:\/\/rumboalcielo.org\/las-benditas-almas-del-purgatorio\/wp-content\/uploads\/2024\/05\/Untitled-design-3-150x150.png",150,150,true],"medium":["https:\/\/rumboalcielo.org\/las-benditas-almas-del-purgatorio\/wp-content\/uploads\/2024\/05\/Untitled-design-3-300x75.png",300,75,true],"medium_large":["https:\/\/rumboalcielo.org\/las-benditas-almas-del-purgatorio\/wp-content\/uploads\/2024\/05\/Untitled-design-3-768x192.png",640,160,true],"large":["https:\/\/rumboalcielo.org\/las-benditas-almas-del-purgatorio\/wp-content\/uploads\/2024\/05\/Untitled-design-3.png",640,160,false],"1536x1536":["https:\/\/rumboalcielo.org\/las-benditas-almas-del-purgatorio\/wp-content\/uploads\/2024\/05\/Untitled-design-3.png",1000,250,false],"2048x2048":["https:\/\/rumboalcielo.org\/las-benditas-almas-del-purgatorio\/wp-content\/uploads\/2024\/05\/Untitled-design-3.png",1000,250,false],"post-thumbnail":["https:\/\/rumboalcielo.org\/las-benditas-almas-del-purgatorio\/wp-content\/uploads\/2024\/05\/Untitled-design-3-300x75.png",300,75,true],"minimalistblogger-grid":["https:\/\/rumboalcielo.org\/las-benditas-almas-del-purgatorio\/wp-content\/uploads\/2024\/05\/Untitled-design-3-350x230.png",350,230,true],"minimalistblogger-slider":["https:\/\/rumboalcielo.org\/las-benditas-almas-del-purgatorio\/wp-content\/uploads\/2024\/05\/Untitled-design-3-850x213.png",850,213,true],"minimalistblogger-small":["https:\/\/rumboalcielo.org\/las-benditas-almas-del-purgatorio\/wp-content\/uploads\/2024\/05\/Untitled-design-3-300x180.png",300,180,true]},"uagb_author_info":{"display_name":"Josue","author_link":"https:\/\/rumboalcielo.org\/las-benditas-almas-del-purgatorio\/author\/josuelinked\/"},"uagb_comment_info":0,"uagb_excerpt":null,"_links":{"self":[{"href":"https:\/\/rumboalcielo.org\/las-benditas-almas-del-purgatorio\/wp-json\/wp\/v2\/pages\/3002","targetHints":{"allow":["GET"]}}],"collection":[{"href":"https:\/\/rumboalcielo.org\/las-benditas-almas-del-purgatorio\/wp-json\/wp\/v2\/pages"}],"about":[{"href":"https:\/\/rumboalcielo.org\/las-benditas-almas-del-purgatorio\/wp-json\/wp\/v2\/types\/page"}],"author":[{"embeddable":true,"href":"https:\/\/rumboalcielo.org\/las-benditas-almas-del-purgatorio\/wp-json\/wp\/v2\/users\/2"}],"replies":[{"embeddable":true,"href":"https:\/\/rumboalcielo.org\/las-benditas-almas-del-purgatorio\/wp-json\/wp\/v2\/comments?post=3002"}],"version-history":[{"count":7,"href":"https:\/\/rumboalcielo.org\/las-benditas-almas-del-purgatorio\/wp-json\/wp\/v2\/pages\/3002\/revisions"}],"predecessor-version":[{"id":3230,"href":"https:\/\/rumboalcielo.org\/las-benditas-almas-del-purgatorio\/wp-json\/wp\/v2\/pages\/3002\/revisions\/3230"}],"up":[{"embeddable":true,"href":"https:\/\/rumboalcielo.org\/las-benditas-almas-del-purgatorio\/wp-json\/wp\/v2\/pages\/565"}],"wp:featuredmedia":[{"embeddable":true,"href":"https:\/\/rumboalcielo.org\/las-benditas-almas-del-purgatorio\/wp-json\/wp\/v2\/media\/4094"}],"wp:attachment":[{"href":"https:\/\/rumboalcielo.org\/las-benditas-almas-del-purgatorio\/wp-json\/wp\/v2\/media?parent=3002"}],"wp:term":[{"taxonomy":"category","embeddable":true,"href":"https:\/\/rumboalcielo.org\/las-benditas-almas-del-purgatorio\/wp-json\/wp\/v2\/categories?post=3002"},{"taxonomy":"post_tag","embeddable":true,"href":"https:\/\/rumboalcielo.org\/las-benditas-almas-del-purgatorio\/wp-json\/wp\/v2\/tags?post=3002"}],"curies":[{"name":"wp","href":"https:\/\/api.w.org\/{rel}","templated":true}]}}