

{"id":3275,"date":"2023-05-30T01:37:39","date_gmt":"2023-05-30T01:37:39","guid":{"rendered":"https:\/\/rumboalcielo.org\/las-benditas-almas-del-purgatorio\/?page_id=3275"},"modified":"2024-05-28T13:43:23","modified_gmt":"2024-05-28T13:43:23","slug":"oracions-de-los-santos","status":"publish","type":"page","link":"https:\/\/rumboalcielo.org\/las-benditas-almas-del-purgatorio\/como-ayudar-a-las-benditas-almas-del-purgatorio\/oracions-de-los-santos\/","title":{"rendered":"Oraci\u00f3ns\u00a0de Los Santos"},"content":{"rendered":"\n<hr class=\"wp-block-separator has-alpha-channel-opacity\"\/>\n\n\n<div class=\"wp-block-ub-content-toggle\" id=\"ub-content-toggle-bfc7ab10-85a1-4cbd-b828-9107576f0b8b\" data-showonlyone=\"true\" data-mobilecollapse=\"false\" data-desktopcollapse=\"false\">\n<div class=\"wp-block-ub-content-toggle-accordion\" id=\"ub-content-toggle-panel-block-538e2dca-6d3d-49ab-ab1a-3cee49abc95d\">\n                <div class=\"wp-block-ub-content-toggle-accordion-title-wrap\"\" aria-controls=\"ub-content-toggle-panel-0-bfc7ab10-85a1-4cbd-b828-9107576f0b8b\" tabindex=\"0\">\n                    <p class=\"wp-block-ub-content-toggle-accordion-title ub-content-toggle-title-bfc7ab10-85a1-4cbd-b828-9107576f0b8b\">San Agust\u00edn<\/p><div class=\"wp-block-ub-content-toggle-accordion-toggle-wrap right\"><span class=\"wp-block-ub-content-toggle-accordion-state-indicator wp-block-ub-chevron-down\"><\/span>\n                    <\/div><\/div><div role=\"region\" aria-expanded=\"false\" class=\"wp-block-ub-content-toggle-accordion-content-wrap ub-hide\" id=\"ub-content-toggle-panel-0-bfc7ab10-85a1-4cbd-b828-9107576f0b8b\">\n\n<p>Dulc\u00edsimo Jes\u00fas m\u00edo, que para redimir al mundo quisiste nacer, ser circuncidado, desechado de los jud\u00edos, entregado con el beso de Judas, atado con cordeles, llevado al suplicio, como inocente cordero; presentado ante An\u00e1s, Caif\u00e1s, Pilato y Herodes; escupido y acusado con falsos testigos; abofeteado, cargado de oprobios, desgarrado con azotes, coronado de espinas, golpeado con la ca\u00f1a, cubierto el rostro con una p\u00farpura por burla; desnudado afrentosamente, clavado en la cruz y levantado en ella, puesto entre ladrones, como uno de ellos, d\u00e1ndote a beber hiel y vinagres y herido el costado con la lanza. Libra, Se\u00f1or, por tantos y tan acerb\u00edsimos dolores como has padecido por nosotros, a las almas del Purgatorio de las penas en que est\u00e1n; ll\u00e9valas a descansar a tu sant\u00edsima Gloria, y s\u00e1lvanos, por los m\u00e9ritos de tu sagrada Pasi\u00f3n y por tu muerte de cruz, de las penas del infierno para que seamos dignos de entrar en la posesi\u00f3n de aquel Reino, adonde llevaste al buen ladr\u00f3n, que fue crucificado contigo, que vives y reinas con el Padre y el Esp\u00edritu Santo por los siglos de los siglos.<br>Am\u00e9n.<\/p>\n\n<\/div><\/div>\n\n<div class=\"wp-block-ub-content-toggle-accordion\" id=\"ub-content-toggle-panel-block-ea6a885f-eb3f-4959-a270-14ef95ee3281\">\n                <div class=\"wp-block-ub-content-toggle-accordion-title-wrap\"\" aria-controls=\"ub-content-toggle-panel-1-bfc7ab10-85a1-4cbd-b828-9107576f0b8b\" tabindex=\"0\">\n                    <p class=\"wp-block-ub-content-toggle-accordion-title ub-content-toggle-title-bfc7ab10-85a1-4cbd-b828-9107576f0b8b\">Santa Gertrudis<\/p><div class=\"wp-block-ub-content-toggle-accordion-toggle-wrap right\"><span class=\"wp-block-ub-content-toggle-accordion-state-indicator wp-block-ub-chevron-down\"><\/span>\n                    <\/div><\/div><div role=\"region\" aria-expanded=\"false\" class=\"wp-block-ub-content-toggle-accordion-content-wrap ub-hide\" id=\"ub-content-toggle-panel-1-bfc7ab10-85a1-4cbd-b828-9107576f0b8b\">\n\n<p>Padre eterno, yo te ofrezco la preciosisima sangre de tu Divino Hijo Jesus, en union con las misas celebradas hoy dia a traves del mundo por todas las benditas animas del purgatorio por todos los pecadores del mundo.<br>Por los pecadores en la iglesia universal, por aquellos en propia casa y dentro de mi familia. <br>Amen.<\/p>\n\n<\/div><\/div>\n<\/div>","protected":false},"excerpt":{"rendered":"","protected":false},"author":2,"featured_media":4094,"parent":592,"menu_order":0,"comment_status":"closed","ping_status":"closed","template":"","meta":{"_uag_custom_page_level_css":"","ub_ctt_via":"","_monsterinsights_skip_tracking":false,"_monsterinsights_sitenote_active":false,"_monsterinsights_sitenote_note":"","_monsterinsights_sitenote_category":0,"_EventAllDay":false,"_EventTimezone":"","_EventStartDate":"","_EventEndDate":"","_EventStartDateUTC":"","_EventEndDateUTC":"","_EventShowMap":false,"_EventShowMapLink":false,"_EventURL":"","_EventCost":"","_EventCostDescription":"","_EventCurrencySymbol":"","_EventCurrencyCode":"","_EventCurrencyPosition":"","_EventDateTimeSeparator":"","_EventTimeRangeSeparator":"","_EventOrganizerID":[],"_EventVenueID":[],"_OrganizerEmail":"","_OrganizerPhone":"","_OrganizerWebsite":"","_VenueAddress":"","_VenueCity":"","_VenueCountry":"","_VenueProvince":"","_VenueState":"","_VenueZip":"","_VenuePhone":"","_VenueURL":"","_VenueStateProvince":"","_VenueLat":"","_VenueLng":"","_VenueShowMap":false,"_VenueShowMapLink":false,"footnotes":""},"categories":[],"tags":[],"class_list":["post-3275","page","type-page","status-publish","has-post-thumbnail","hentry"],"featured_image_src":"https:\/\/rumboalcielo.org\/las-benditas-almas-del-purgatorio\/wp-content\/uploads\/2024\/05\/Untitled-design-3.png","yoast_head":"<!-- This site is optimized with the Yoast SEO plugin v23.8 - https:\/\/yoast.com\/wordpress\/plugins\/seo\/ -->\n<title>Oraci\u00f3ns\u00a0de Los Santos - RUMBO AL CIELO<\/title>\n<meta name=\"robots\" content=\"index, follow, max-snippet:-1, max-image-preview:large, max-video-preview:-1\" \/>\n<link rel=\"canonical\" href=\"https:\/\/rumboalcielo.org\/las-benditas-almas-del-purgatorio\/como-ayudar-a-las-benditas-almas-del-purgatorio\/oracions-de-los-santos\/\" \/>\n<meta property=\"og:locale\" content=\"es_ES\" \/>\n<meta property=\"og:type\" content=\"article\" \/>\n<meta property=\"og:title\" content=\"Oraci\u00f3ns\u00a0de Los Santos - RUMBO AL CIELO\" \/>\n<meta property=\"og:url\" content=\"https:\/\/rumboalcielo.org\/las-benditas-almas-del-purgatorio\/como-ayudar-a-las-benditas-almas-del-purgatorio\/oracions-de-los-santos\/\" \/>\n<meta property=\"og:site_name\" content=\"RUMBO AL CIELO\" \/>\n<meta property=\"article:modified_time\" content=\"2024-05-28T13:43:23+00:00\" \/>\n<meta property=\"og:image\" content=\"https:\/\/rumboalcielo.org\/las-benditas-almas-del-purgatorio\/wp-content\/uploads\/2024\/05\/Untitled-design-3.png\" \/>\n\t<meta property=\"og:image:width\" content=\"1000\" \/>\n\t<meta property=\"og:image:height\" content=\"250\" \/>\n\t<meta property=\"og:image:type\" content=\"image\/png\" \/>\n<meta name=\"twitter:card\" content=\"summary_large_image\" \/>\n<meta name=\"twitter:label1\" content=\"Tiempo de lectura\" \/>\n\t<meta name=\"twitter:data1\" content=\"1 minuto\" \/>\n<script type=\"application\/ld+json\" class=\"yoast-schema-graph\">{\"@context\":\"https:\/\/schema.org\",\"@graph\":[{\"@type\":\"WebPage\",\"@id\":\"https:\/\/rumboalcielo.org\/las-benditas-almas-del-purgatorio\/como-ayudar-a-las-benditas-almas-del-purgatorio\/oracions-de-los-santos\/\",\"url\":\"https:\/\/rumboalcielo.org\/las-benditas-almas-del-purgatorio\/como-ayudar-a-las-benditas-almas-del-purgatorio\/oracions-de-los-santos\/\",\"name\":\"Oraci\u00f3ns\u00a0de Los Santos - RUMBO AL CIELO\",\"isPartOf\":{\"@id\":\"https:\/\/rumboalcielo.org\/las-benditas-almas-del-purgatorio\/#website\"},\"primaryImageOfPage\":{\"@id\":\"https:\/\/rumboalcielo.org\/las-benditas-almas-del-purgatorio\/como-ayudar-a-las-benditas-almas-del-purgatorio\/oracions-de-los-santos\/#primaryimage\"},\"image\":{\"@id\":\"https:\/\/rumboalcielo.org\/las-benditas-almas-del-purgatorio\/como-ayudar-a-las-benditas-almas-del-purgatorio\/oracions-de-los-santos\/#primaryimage\"},\"thumbnailUrl\":\"https:\/\/rumboalcielo.org\/las-benditas-almas-del-purgatorio\/wp-content\/uploads\/2024\/05\/Untitled-design-3.png\",\"datePublished\":\"2023-05-30T01:37:39+00:00\",\"dateModified\":\"2024-05-28T13:43:23+00:00\",\"breadcrumb\":{\"@id\":\"https:\/\/rumboalcielo.org\/las-benditas-almas-del-purgatorio\/como-ayudar-a-las-benditas-almas-del-purgatorio\/oracions-de-los-santos\/#breadcrumb\"},\"inLanguage\":\"es\",\"potentialAction\":[{\"@type\":\"ReadAction\",\"target\":[\"https:\/\/rumboalcielo.org\/las-benditas-almas-del-purgatorio\/como-ayudar-a-las-benditas-almas-del-purgatorio\/oracions-de-los-santos\/\"]}]},{\"@type\":\"ImageObject\",\"inLanguage\":\"es\",\"@id\":\"https:\/\/rumboalcielo.org\/las-benditas-almas-del-purgatorio\/como-ayudar-a-las-benditas-almas-del-purgatorio\/oracions-de-los-santos\/#primaryimage\",\"url\":\"https:\/\/rumboalcielo.org\/las-benditas-almas-del-purgatorio\/wp-content\/uploads\/2024\/05\/Untitled-design-3.png\",\"contentUrl\":\"https:\/\/rumboalcielo.org\/las-benditas-almas-del-purgatorio\/wp-content\/uploads\/2024\/05\/Untitled-design-3.png\",\"width\":1000,\"height\":250},{\"@type\":\"BreadcrumbList\",\"@id\":\"https:\/\/rumboalcielo.org\/las-benditas-almas-del-purgatorio\/como-ayudar-a-las-benditas-almas-del-purgatorio\/oracions-de-los-santos\/#breadcrumb\",\"itemListElement\":[{\"@type\":\"ListItem\",\"position\":1,\"name\":\"COMO AYUDARLAS\",\"item\":\"https:\/\/rumboalcielo.org\/las-benditas-almas-del-purgatorio\/como-ayudar-a-las-benditas-almas-del-purgatorio\/\"},{\"@type\":\"ListItem\",\"position\":2,\"name\":\"Oraci\u00f3ns\u00a0de Los Santos\"}]},{\"@type\":\"WebSite\",\"@id\":\"https:\/\/rumboalcielo.org\/las-benditas-almas-del-purgatorio\/#website\",\"url\":\"https:\/\/rumboalcielo.org\/las-benditas-almas-del-purgatorio\/\",\"name\":\"RUMBO AL CIELO\",\"description\":\"LAS BENDITAS ALMAS DEL PURGATORIO\",\"potentialAction\":[{\"@type\":\"SearchAction\",\"target\":{\"@type\":\"EntryPoint\",\"urlTemplate\":\"https:\/\/rumboalcielo.org\/las-benditas-almas-del-purgatorio\/?s={search_term_string}\"},\"query-input\":{\"@type\":\"PropertyValueSpecification\",\"valueRequired\":true,\"valueName\":\"search_term_string\"}}],\"inLanguage\":\"es\"}]}<\/script>\n<!-- \/ Yoast SEO plugin. -->","yoast_head_json":{"title":"Oraci\u00f3ns\u00a0de Los Santos - RUMBO AL CIELO","robots":{"index":"index","follow":"follow","max-snippet":"max-snippet:-1","max-image-preview":"max-image-preview:large","max-video-preview":"max-video-preview:-1"},"canonical":"https:\/\/rumboalcielo.org\/las-benditas-almas-del-purgatorio\/como-ayudar-a-las-benditas-almas-del-purgatorio\/oracions-de-los-santos\/","og_locale":"es_ES","og_type":"article","og_title":"Oraci\u00f3ns\u00a0de Los Santos - RUMBO AL CIELO","og_url":"https:\/\/rumboalcielo.org\/las-benditas-almas-del-purgatorio\/como-ayudar-a-las-benditas-almas-del-purgatorio\/oracions-de-los-santos\/","og_site_name":"RUMBO AL CIELO","article_modified_time":"2024-05-28T13:43:23+00:00","og_image":[{"width":1000,"height":250,"url":"https:\/\/rumboalcielo.org\/las-benditas-almas-del-purgatorio\/wp-content\/uploads\/2024\/05\/Untitled-design-3.png","type":"image\/png"}],"twitter_card":"summary_large_image","twitter_misc":{"Tiempo de lectura":"1 minuto"},"schema":{"@context":"https:\/\/schema.org","@graph":[{"@type":"WebPage","@id":"https:\/\/rumboalcielo.org\/las-benditas-almas-del-purgatorio\/como-ayudar-a-las-benditas-almas-del-purgatorio\/oracions-de-los-santos\/","url":"https:\/\/rumboalcielo.org\/las-benditas-almas-del-purgatorio\/como-ayudar-a-las-benditas-almas-del-purgatorio\/oracions-de-los-santos\/","name":"Oraci\u00f3ns\u00a0de Los Santos - RUMBO AL CIELO","isPartOf":{"@id":"https:\/\/rumboalcielo.org\/las-benditas-almas-del-purgatorio\/#website"},"primaryImageOfPage":{"@id":"https:\/\/rumboalcielo.org\/las-benditas-almas-del-purgatorio\/como-ayudar-a-las-benditas-almas-del-purgatorio\/oracions-de-los-santos\/#primaryimage"},"image":{"@id":"https:\/\/rumboalcielo.org\/las-benditas-almas-del-purgatorio\/como-ayudar-a-las-benditas-almas-del-purgatorio\/oracions-de-los-santos\/#primaryimage"},"thumbnailUrl":"https:\/\/rumboalcielo.org\/las-benditas-almas-del-purgatorio\/wp-content\/uploads\/2024\/05\/Untitled-design-3.png","datePublished":"2023-05-30T01:37:39+00:00","dateModified":"2024-05-28T13:43:23+00:00","breadcrumb":{"@id":"https:\/\/rumboalcielo.org\/las-benditas-almas-del-purgatorio\/como-ayudar-a-las-benditas-almas-del-purgatorio\/oracions-de-los-santos\/#breadcrumb"},"inLanguage":"es","potentialAction":[{"@type":"ReadAction","target":["https:\/\/rumboalcielo.org\/las-benditas-almas-del-purgatorio\/como-ayudar-a-las-benditas-almas-del-purgatorio\/oracions-de-los-santos\/"]}]},{"@type":"ImageObject","inLanguage":"es","@id":"https:\/\/rumboalcielo.org\/las-benditas-almas-del-purgatorio\/como-ayudar-a-las-benditas-almas-del-purgatorio\/oracions-de-los-santos\/#primaryimage","url":"https:\/\/rumboalcielo.org\/las-benditas-almas-del-purgatorio\/wp-content\/uploads\/2024\/05\/Untitled-design-3.png","contentUrl":"https:\/\/rumboalcielo.org\/las-benditas-almas-del-purgatorio\/wp-content\/uploads\/2024\/05\/Untitled-design-3.png","width":1000,"height":250},{"@type":"BreadcrumbList","@id":"https:\/\/rumboalcielo.org\/las-benditas-almas-del-purgatorio\/como-ayudar-a-las-benditas-almas-del-purgatorio\/oracions-de-los-santos\/#breadcrumb","itemListElement":[{"@type":"ListItem","position":1,"name":"COMO AYUDARLAS","item":"https:\/\/rumboalcielo.org\/las-benditas-almas-del-purgatorio\/como-ayudar-a-las-benditas-almas-del-purgatorio\/"},{"@type":"ListItem","position":2,"name":"Oraci\u00f3ns\u00a0de Los Santos"}]},{"@type":"WebSite","@id":"https:\/\/rumboalcielo.org\/las-benditas-almas-del-purgatorio\/#website","url":"https:\/\/rumboalcielo.org\/las-benditas-almas-del-purgatorio\/","name":"RUMBO AL CIELO","description":"LAS BENDITAS ALMAS DEL PURGATORIO","potentialAction":[{"@type":"SearchAction","target":{"@type":"EntryPoint","urlTemplate":"https:\/\/rumboalcielo.org\/las-benditas-almas-del-purgatorio\/?s={search_term_string}"},"query-input":{"@type":"PropertyValueSpecification","valueRequired":true,"valueName":"search_term_string"}}],"inLanguage":"es"}]}},"uagb_featured_image_src":{"full":["https:\/\/rumboalcielo.org\/las-benditas-almas-del-purgatorio\/wp-content\/uploads\/2024\/05\/Untitled-design-3.png",1000,250,false],"thumbnail":["https:\/\/rumboalcielo.org\/las-benditas-almas-del-purgatorio\/wp-content\/uploads\/2024\/05\/Untitled-design-3-150x150.png",150,150,true],"medium":["https:\/\/rumboalcielo.org\/las-benditas-almas-del-purgatorio\/wp-content\/uploads\/2024\/05\/Untitled-design-3-300x75.png",300,75,true],"medium_large":["https:\/\/rumboalcielo.org\/las-benditas-almas-del-purgatorio\/wp-content\/uploads\/2024\/05\/Untitled-design-3-768x192.png",640,160,true],"large":["https:\/\/rumboalcielo.org\/las-benditas-almas-del-purgatorio\/wp-content\/uploads\/2024\/05\/Untitled-design-3.png",640,160,false],"1536x1536":["https:\/\/rumboalcielo.org\/las-benditas-almas-del-purgatorio\/wp-content\/uploads\/2024\/05\/Untitled-design-3.png",1000,250,false],"2048x2048":["https:\/\/rumboalcielo.org\/las-benditas-almas-del-purgatorio\/wp-content\/uploads\/2024\/05\/Untitled-design-3.png",1000,250,false],"post-thumbnail":["https:\/\/rumboalcielo.org\/las-benditas-almas-del-purgatorio\/wp-content\/uploads\/2024\/05\/Untitled-design-3-300x75.png",300,75,true],"minimalistblogger-grid":["https:\/\/rumboalcielo.org\/las-benditas-almas-del-purgatorio\/wp-content\/uploads\/2024\/05\/Untitled-design-3-350x230.png",350,230,true],"minimalistblogger-slider":["https:\/\/rumboalcielo.org\/las-benditas-almas-del-purgatorio\/wp-content\/uploads\/2024\/05\/Untitled-design-3-850x213.png",850,213,true],"minimalistblogger-small":["https:\/\/rumboalcielo.org\/las-benditas-almas-del-purgatorio\/wp-content\/uploads\/2024\/05\/Untitled-design-3-300x180.png",300,180,true]},"uagb_author_info":{"display_name":"Josue","author_link":"https:\/\/rumboalcielo.org\/las-benditas-almas-del-purgatorio\/author\/josuelinked\/"},"uagb_comment_info":0,"uagb_excerpt":null,"_links":{"self":[{"href":"https:\/\/rumboalcielo.org\/las-benditas-almas-del-purgatorio\/wp-json\/wp\/v2\/pages\/3275","targetHints":{"allow":["GET"]}}],"collection":[{"href":"https:\/\/rumboalcielo.org\/las-benditas-almas-del-purgatorio\/wp-json\/wp\/v2\/pages"}],"about":[{"href":"https:\/\/rumboalcielo.org\/las-benditas-almas-del-purgatorio\/wp-json\/wp\/v2\/types\/page"}],"author":[{"embeddable":true,"href":"https:\/\/rumboalcielo.org\/las-benditas-almas-del-purgatorio\/wp-json\/wp\/v2\/users\/2"}],"replies":[{"embeddable":true,"href":"https:\/\/rumboalcielo.org\/las-benditas-almas-del-purgatorio\/wp-json\/wp\/v2\/comments?post=3275"}],"version-history":[{"count":11,"href":"https:\/\/rumboalcielo.org\/las-benditas-almas-del-purgatorio\/wp-json\/wp\/v2\/pages\/3275\/revisions"}],"predecessor-version":[{"id":4096,"href":"https:\/\/rumboalcielo.org\/las-benditas-almas-del-purgatorio\/wp-json\/wp\/v2\/pages\/3275\/revisions\/4096"}],"up":[{"embeddable":true,"href":"https:\/\/rumboalcielo.org\/las-benditas-almas-del-purgatorio\/wp-json\/wp\/v2\/pages\/592"}],"wp:featuredmedia":[{"embeddable":true,"href":"https:\/\/rumboalcielo.org\/las-benditas-almas-del-purgatorio\/wp-json\/wp\/v2\/media\/4094"}],"wp:attachment":[{"href":"https:\/\/rumboalcielo.org\/las-benditas-almas-del-purgatorio\/wp-json\/wp\/v2\/media?parent=3275"}],"wp:term":[{"taxonomy":"category","embeddable":true,"href":"https:\/\/rumboalcielo.org\/las-benditas-almas-del-purgatorio\/wp-json\/wp\/v2\/categories?post=3275"},{"taxonomy":"post_tag","embeddable":true,"href":"https:\/\/rumboalcielo.org\/las-benditas-almas-del-purgatorio\/wp-json\/wp\/v2\/tags?post=3275"}],"curies":[{"name":"wp","href":"https:\/\/api.w.org\/{rel}","templated":true}]}}