

{"id":38,"date":"2023-03-26T14:09:17","date_gmt":"2023-03-26T14:09:17","guid":{"rendered":"https:\/\/rumboalcielo.org\/las-benditas-almas-del-purgatorio\/?page_id=38"},"modified":"2024-05-28T13:39:16","modified_gmt":"2024-05-28T13:39:16","slug":"devociones","status":"publish","type":"page","link":"https:\/\/rumboalcielo.org\/las-benditas-almas-del-purgatorio\/como-ayudar-a-las-benditas-almas-del-purgatorio\/devociones\/","title":{"rendered":"Devociones"},"content":{"rendered":"\n<hr class=\"wp-block-separator has-alpha-channel-opacity\"\/>\n\n\n\n<p>Las devociones son manifestaciones de nuestro profundo amor a Dios, enraizadas en el culto y servicio a Su Santo Nombre. Como cat\u00f3licos, es precisamente el estar dispuestos a honrar y dar gloria a Dios, ya sea en oraci\u00f3n p\u00fablica o privada, o al realizar algun acto de acuerdo a Su voluntad, lo que ejercitar\u00e1 nuestra propia espiritualidad.<\/p>\n\n\n\n<div class=\"wp-block-uagb-container uagb-block-85d612de alignfull uagb-is-root-container\"><div class=\"uagb-container-inner-blocks-wrap\">\n<div class=\"wp-block-uagb-container uagb-block-0ce77248\">\n<p>A trav\u00e9s de la oraci\u00f3n, nuestras devociones reafirman nuestro compromiso total con nuestro Se\u00f1or Jesucristo. Y a cambio esperamos obtener favores que s\u00f3lo \u00c9l puede brindar a trav\u00e9s de Su infinita misericordia y Sus bendiciones.<\/p>\n<\/div>\n\n\n\n<div class=\"wp-block-uagb-container uagb-block-d00d7491\">\n<div class=\"wp-block-uagb-image uagb-block-1f92459a wp-block-uagb-image--layout-default wp-block-uagb-image--effect-static wp-block-uagb-image--align-none\"><figure class=\"wp-block-uagb-image__figure\"><img decoding=\"async\" srcset=\"https:\/\/rumboalcielo.org\/las-benditas-almas-del-purgatorio\/wp-content\/uploads\/2024\/05\/6-1024x576.png ,https:\/\/rumboalcielo.org\/las-benditas-almas-del-purgatorio\/wp-content\/uploads\/2024\/05\/6.png 780w, https:\/\/rumboalcielo.org\/las-benditas-almas-del-purgatorio\/wp-content\/uploads\/2024\/05\/6.png 360w\" sizes=\"auto, (max-width: 480px) 150px\" src=\"https:\/\/rumboalcielo.org\/las-benditas-almas-del-purgatorio\/wp-content\/uploads\/2024\/05\/6-1024x576.png\" alt=\"\" class=\"uag-image-3963\" width=\"1024\" height=\"576\" title=\"6\" loading=\"lazy\" role=\"img\"\/><\/figure><\/div>\n<\/div>\n<\/div><\/div>\n\n\n\n<p>Nuestra amplia selecci\u00f3n de devociones cat\u00f3licas &#8211; oraciones, novenas, letan\u00edas y meditaciones &#8211; est\u00e1 dise\u00f1ada para ayudar a los cat\u00f3licos a crecer en su fe y amor a Dios. <\/p>\n","protected":false},"excerpt":{"rendered":"<p>Las devociones son manifestaciones de nuestro profundo amor a Dios, enraizadas en el culto y servicio a Su Santo Nombre. Como cat\u00f3licos, es precisamente el estar dispuestos a honrar y&#8230;<\/p>\n","protected":false},"author":2,"featured_media":4085,"parent":592,"menu_order":0,"comment_status":"closed","ping_status":"closed","template":"","meta":{"_uag_custom_page_level_css":"","ub_ctt_via":"","_monsterinsights_skip_tracking":false,"_monsterinsights_sitenote_active":false,"_monsterinsights_sitenote_note":"","_monsterinsights_sitenote_category":0,"_EventAllDay":false,"_EventTimezone":"","_EventStartDate":"","_EventEndDate":"","_EventStartDateUTC":"","_EventEndDateUTC":"","_EventShowMap":false,"_EventShowMapLink":false,"_EventURL":"","_EventCost":"","_EventCostDescription":"","_EventCurrencySymbol":"","_EventCurrencyCode":"","_EventCurrencyPosition":"","_EventDateTimeSeparator":"","_EventTimeRangeSeparator":"","_EventOrganizerID":[],"_EventVenueID":[],"_OrganizerEmail":"","_OrganizerPhone":"","_OrganizerWebsite":"","_VenueAddress":"","_VenueCity":"","_VenueCountry":"","_VenueProvince":"","_VenueState":"","_VenueZip":"","_VenuePhone":"","_VenueURL":"","_VenueStateProvince":"","_VenueLat":"","_VenueLng":"","_VenueShowMap":false,"_VenueShowMapLink":false,"footnotes":""},"categories":[],"tags":[],"class_list":["post-38","page","type-page","status-publish","has-post-thumbnail","hentry"],"featured_image_src":"https:\/\/rumboalcielo.org\/las-benditas-almas-del-purgatorio\/wp-content\/uploads\/2024\/05\/Untitled-design-2.png","yoast_head":"<!-- This site is optimized with the Yoast SEO plugin v23.8 - https:\/\/yoast.com\/wordpress\/plugins\/seo\/ -->\n<title>Devociones - RUMBO AL CIELO<\/title>\n<meta name=\"robots\" content=\"index, follow, max-snippet:-1, max-image-preview:large, max-video-preview:-1\" \/>\n<link rel=\"canonical\" href=\"https:\/\/rumboalcielo.org\/las-benditas-almas-del-purgatorio\/como-ayudar-a-las-benditas-almas-del-purgatorio\/devociones\/\" \/>\n<meta property=\"og:locale\" content=\"es_ES\" \/>\n<meta property=\"og:type\" content=\"article\" \/>\n<meta property=\"og:title\" content=\"Devociones - RUMBO AL CIELO\" \/>\n<meta property=\"og:description\" content=\"Las devociones son manifestaciones de nuestro profundo amor a Dios, enraizadas en el culto y servicio a Su Santo Nombre. Como cat\u00f3licos, es precisamente el estar dispuestos a honrar y...\" \/>\n<meta property=\"og:url\" content=\"https:\/\/rumboalcielo.org\/las-benditas-almas-del-purgatorio\/como-ayudar-a-las-benditas-almas-del-purgatorio\/devociones\/\" \/>\n<meta property=\"og:site_name\" content=\"RUMBO AL CIELO\" \/>\n<meta property=\"article:modified_time\" content=\"2024-05-28T13:39:16+00:00\" \/>\n<meta property=\"og:image\" content=\"https:\/\/rumboalcielo.org\/las-benditas-almas-del-purgatorio\/wp-content\/uploads\/2024\/05\/Untitled-design-2.png\" \/>\n\t<meta property=\"og:image:width\" content=\"1000\" \/>\n\t<meta property=\"og:image:height\" content=\"250\" \/>\n\t<meta property=\"og:image:type\" content=\"image\/png\" \/>\n<meta name=\"twitter:card\" content=\"summary_large_image\" \/>\n<meta name=\"twitter:label1\" content=\"Tiempo de lectura\" \/>\n\t<meta name=\"twitter:data1\" content=\"1 minuto\" \/>\n<script type=\"application\/ld+json\" class=\"yoast-schema-graph\">{\"@context\":\"https:\/\/schema.org\",\"@graph\":[{\"@type\":\"WebPage\",\"@id\":\"https:\/\/rumboalcielo.org\/las-benditas-almas-del-purgatorio\/como-ayudar-a-las-benditas-almas-del-purgatorio\/devociones\/\",\"url\":\"https:\/\/rumboalcielo.org\/las-benditas-almas-del-purgatorio\/como-ayudar-a-las-benditas-almas-del-purgatorio\/devociones\/\",\"name\":\"Devociones - RUMBO AL CIELO\",\"isPartOf\":{\"@id\":\"https:\/\/rumboalcielo.org\/las-benditas-almas-del-purgatorio\/#website\"},\"primaryImageOfPage\":{\"@id\":\"https:\/\/rumboalcielo.org\/las-benditas-almas-del-purgatorio\/como-ayudar-a-las-benditas-almas-del-purgatorio\/devociones\/#primaryimage\"},\"image\":{\"@id\":\"https:\/\/rumboalcielo.org\/las-benditas-almas-del-purgatorio\/como-ayudar-a-las-benditas-almas-del-purgatorio\/devociones\/#primaryimage\"},\"thumbnailUrl\":\"https:\/\/rumboalcielo.org\/las-benditas-almas-del-purgatorio\/wp-content\/uploads\/2024\/05\/Untitled-design-2.png\",\"datePublished\":\"2023-03-26T14:09:17+00:00\",\"dateModified\":\"2024-05-28T13:39:16+00:00\",\"breadcrumb\":{\"@id\":\"https:\/\/rumboalcielo.org\/las-benditas-almas-del-purgatorio\/como-ayudar-a-las-benditas-almas-del-purgatorio\/devociones\/#breadcrumb\"},\"inLanguage\":\"es\",\"potentialAction\":[{\"@type\":\"ReadAction\",\"target\":[\"https:\/\/rumboalcielo.org\/las-benditas-almas-del-purgatorio\/como-ayudar-a-las-benditas-almas-del-purgatorio\/devociones\/\"]}]},{\"@type\":\"ImageObject\",\"inLanguage\":\"es\",\"@id\":\"https:\/\/rumboalcielo.org\/las-benditas-almas-del-purgatorio\/como-ayudar-a-las-benditas-almas-del-purgatorio\/devociones\/#primaryimage\",\"url\":\"https:\/\/rumboalcielo.org\/las-benditas-almas-del-purgatorio\/wp-content\/uploads\/2024\/05\/Untitled-design-2.png\",\"contentUrl\":\"https:\/\/rumboalcielo.org\/las-benditas-almas-del-purgatorio\/wp-content\/uploads\/2024\/05\/Untitled-design-2.png\",\"width\":1000,\"height\":250},{\"@type\":\"BreadcrumbList\",\"@id\":\"https:\/\/rumboalcielo.org\/las-benditas-almas-del-purgatorio\/como-ayudar-a-las-benditas-almas-del-purgatorio\/devociones\/#breadcrumb\",\"itemListElement\":[{\"@type\":\"ListItem\",\"position\":1,\"name\":\"COMO AYUDARLAS\",\"item\":\"https:\/\/rumboalcielo.org\/las-benditas-almas-del-purgatorio\/como-ayudar-a-las-benditas-almas-del-purgatorio\/\"},{\"@type\":\"ListItem\",\"position\":2,\"name\":\"Devociones\"}]},{\"@type\":\"WebSite\",\"@id\":\"https:\/\/rumboalcielo.org\/las-benditas-almas-del-purgatorio\/#website\",\"url\":\"https:\/\/rumboalcielo.org\/las-benditas-almas-del-purgatorio\/\",\"name\":\"RUMBO AL CIELO\",\"description\":\"LAS BENDITAS ALMAS DEL PURGATORIO\",\"potentialAction\":[{\"@type\":\"SearchAction\",\"target\":{\"@type\":\"EntryPoint\",\"urlTemplate\":\"https:\/\/rumboalcielo.org\/las-benditas-almas-del-purgatorio\/?s={search_term_string}\"},\"query-input\":{\"@type\":\"PropertyValueSpecification\",\"valueRequired\":true,\"valueName\":\"search_term_string\"}}],\"inLanguage\":\"es\"}]}<\/script>\n<!-- \/ Yoast SEO plugin. -->","yoast_head_json":{"title":"Devociones - RUMBO AL CIELO","robots":{"index":"index","follow":"follow","max-snippet":"max-snippet:-1","max-image-preview":"max-image-preview:large","max-video-preview":"max-video-preview:-1"},"canonical":"https:\/\/rumboalcielo.org\/las-benditas-almas-del-purgatorio\/como-ayudar-a-las-benditas-almas-del-purgatorio\/devociones\/","og_locale":"es_ES","og_type":"article","og_title":"Devociones - RUMBO AL CIELO","og_description":"Las devociones son manifestaciones de nuestro profundo amor a Dios, enraizadas en el culto y servicio a Su Santo Nombre. Como cat\u00f3licos, es precisamente el estar dispuestos a honrar y...","og_url":"https:\/\/rumboalcielo.org\/las-benditas-almas-del-purgatorio\/como-ayudar-a-las-benditas-almas-del-purgatorio\/devociones\/","og_site_name":"RUMBO AL CIELO","article_modified_time":"2024-05-28T13:39:16+00:00","og_image":[{"width":1000,"height":250,"url":"https:\/\/rumboalcielo.org\/las-benditas-almas-del-purgatorio\/wp-content\/uploads\/2024\/05\/Untitled-design-2.png","type":"image\/png"}],"twitter_card":"summary_large_image","twitter_misc":{"Tiempo de lectura":"1 minuto"},"schema":{"@context":"https:\/\/schema.org","@graph":[{"@type":"WebPage","@id":"https:\/\/rumboalcielo.org\/las-benditas-almas-del-purgatorio\/como-ayudar-a-las-benditas-almas-del-purgatorio\/devociones\/","url":"https:\/\/rumboalcielo.org\/las-benditas-almas-del-purgatorio\/como-ayudar-a-las-benditas-almas-del-purgatorio\/devociones\/","name":"Devociones - RUMBO AL CIELO","isPartOf":{"@id":"https:\/\/rumboalcielo.org\/las-benditas-almas-del-purgatorio\/#website"},"primaryImageOfPage":{"@id":"https:\/\/rumboalcielo.org\/las-benditas-almas-del-purgatorio\/como-ayudar-a-las-benditas-almas-del-purgatorio\/devociones\/#primaryimage"},"image":{"@id":"https:\/\/rumboalcielo.org\/las-benditas-almas-del-purgatorio\/como-ayudar-a-las-benditas-almas-del-purgatorio\/devociones\/#primaryimage"},"thumbnailUrl":"https:\/\/rumboalcielo.org\/las-benditas-almas-del-purgatorio\/wp-content\/uploads\/2024\/05\/Untitled-design-2.png","datePublished":"2023-03-26T14:09:17+00:00","dateModified":"2024-05-28T13:39:16+00:00","breadcrumb":{"@id":"https:\/\/rumboalcielo.org\/las-benditas-almas-del-purgatorio\/como-ayudar-a-las-benditas-almas-del-purgatorio\/devociones\/#breadcrumb"},"inLanguage":"es","potentialAction":[{"@type":"ReadAction","target":["https:\/\/rumboalcielo.org\/las-benditas-almas-del-purgatorio\/como-ayudar-a-las-benditas-almas-del-purgatorio\/devociones\/"]}]},{"@type":"ImageObject","inLanguage":"es","@id":"https:\/\/rumboalcielo.org\/las-benditas-almas-del-purgatorio\/como-ayudar-a-las-benditas-almas-del-purgatorio\/devociones\/#primaryimage","url":"https:\/\/rumboalcielo.org\/las-benditas-almas-del-purgatorio\/wp-content\/uploads\/2024\/05\/Untitled-design-2.png","contentUrl":"https:\/\/rumboalcielo.org\/las-benditas-almas-del-purgatorio\/wp-content\/uploads\/2024\/05\/Untitled-design-2.png","width":1000,"height":250},{"@type":"BreadcrumbList","@id":"https:\/\/rumboalcielo.org\/las-benditas-almas-del-purgatorio\/como-ayudar-a-las-benditas-almas-del-purgatorio\/devociones\/#breadcrumb","itemListElement":[{"@type":"ListItem","position":1,"name":"COMO AYUDARLAS","item":"https:\/\/rumboalcielo.org\/las-benditas-almas-del-purgatorio\/como-ayudar-a-las-benditas-almas-del-purgatorio\/"},{"@type":"ListItem","position":2,"name":"Devociones"}]},{"@type":"WebSite","@id":"https:\/\/rumboalcielo.org\/las-benditas-almas-del-purgatorio\/#website","url":"https:\/\/rumboalcielo.org\/las-benditas-almas-del-purgatorio\/","name":"RUMBO AL CIELO","description":"LAS BENDITAS ALMAS DEL PURGATORIO","potentialAction":[{"@type":"SearchAction","target":{"@type":"EntryPoint","urlTemplate":"https:\/\/rumboalcielo.org\/las-benditas-almas-del-purgatorio\/?s={search_term_string}"},"query-input":{"@type":"PropertyValueSpecification","valueRequired":true,"valueName":"search_term_string"}}],"inLanguage":"es"}]}},"uagb_featured_image_src":{"full":["https:\/\/rumboalcielo.org\/las-benditas-almas-del-purgatorio\/wp-content\/uploads\/2024\/05\/Untitled-design-2.png",1000,250,false],"thumbnail":["https:\/\/rumboalcielo.org\/las-benditas-almas-del-purgatorio\/wp-content\/uploads\/2024\/05\/Untitled-design-2-150x150.png",150,150,true],"medium":["https:\/\/rumboalcielo.org\/las-benditas-almas-del-purgatorio\/wp-content\/uploads\/2024\/05\/Untitled-design-2-300x75.png",300,75,true],"medium_large":["https:\/\/rumboalcielo.org\/las-benditas-almas-del-purgatorio\/wp-content\/uploads\/2024\/05\/Untitled-design-2-768x192.png",640,160,true],"large":["https:\/\/rumboalcielo.org\/las-benditas-almas-del-purgatorio\/wp-content\/uploads\/2024\/05\/Untitled-design-2.png",640,160,false],"1536x1536":["https:\/\/rumboalcielo.org\/las-benditas-almas-del-purgatorio\/wp-content\/uploads\/2024\/05\/Untitled-design-2.png",1000,250,false],"2048x2048":["https:\/\/rumboalcielo.org\/las-benditas-almas-del-purgatorio\/wp-content\/uploads\/2024\/05\/Untitled-design-2.png",1000,250,false],"post-thumbnail":["https:\/\/rumboalcielo.org\/las-benditas-almas-del-purgatorio\/wp-content\/uploads\/2024\/05\/Untitled-design-2-300x75.png",300,75,true],"minimalistblogger-grid":["https:\/\/rumboalcielo.org\/las-benditas-almas-del-purgatorio\/wp-content\/uploads\/2024\/05\/Untitled-design-2-350x230.png",350,230,true],"minimalistblogger-slider":["https:\/\/rumboalcielo.org\/las-benditas-almas-del-purgatorio\/wp-content\/uploads\/2024\/05\/Untitled-design-2-850x213.png",850,213,true],"minimalistblogger-small":["https:\/\/rumboalcielo.org\/las-benditas-almas-del-purgatorio\/wp-content\/uploads\/2024\/05\/Untitled-design-2-300x180.png",300,180,true]},"uagb_author_info":{"display_name":"Josue","author_link":"https:\/\/rumboalcielo.org\/las-benditas-almas-del-purgatorio\/author\/josuelinked\/"},"uagb_comment_info":0,"uagb_excerpt":"Las devociones son manifestaciones de nuestro profundo amor a Dios, enraizadas en el culto y servicio a Su Santo Nombre. Como cat\u00f3licos, es precisamente el estar dispuestos a honrar y...","_links":{"self":[{"href":"https:\/\/rumboalcielo.org\/las-benditas-almas-del-purgatorio\/wp-json\/wp\/v2\/pages\/38","targetHints":{"allow":["GET"]}}],"collection":[{"href":"https:\/\/rumboalcielo.org\/las-benditas-almas-del-purgatorio\/wp-json\/wp\/v2\/pages"}],"about":[{"href":"https:\/\/rumboalcielo.org\/las-benditas-almas-del-purgatorio\/wp-json\/wp\/v2\/types\/page"}],"author":[{"embeddable":true,"href":"https:\/\/rumboalcielo.org\/las-benditas-almas-del-purgatorio\/wp-json\/wp\/v2\/users\/2"}],"replies":[{"embeddable":true,"href":"https:\/\/rumboalcielo.org\/las-benditas-almas-del-purgatorio\/wp-json\/wp\/v2\/comments?post=38"}],"version-history":[{"count":5,"href":"https:\/\/rumboalcielo.org\/las-benditas-almas-del-purgatorio\/wp-json\/wp\/v2\/pages\/38\/revisions"}],"predecessor-version":[{"id":4093,"href":"https:\/\/rumboalcielo.org\/las-benditas-almas-del-purgatorio\/wp-json\/wp\/v2\/pages\/38\/revisions\/4093"}],"up":[{"embeddable":true,"href":"https:\/\/rumboalcielo.org\/las-benditas-almas-del-purgatorio\/wp-json\/wp\/v2\/pages\/592"}],"wp:featuredmedia":[{"embeddable":true,"href":"https:\/\/rumboalcielo.org\/las-benditas-almas-del-purgatorio\/wp-json\/wp\/v2\/media\/4085"}],"wp:attachment":[{"href":"https:\/\/rumboalcielo.org\/las-benditas-almas-del-purgatorio\/wp-json\/wp\/v2\/media?parent=38"}],"wp:term":[{"taxonomy":"category","embeddable":true,"href":"https:\/\/rumboalcielo.org\/las-benditas-almas-del-purgatorio\/wp-json\/wp\/v2\/categories?post=38"},{"taxonomy":"post_tag","embeddable":true,"href":"https:\/\/rumboalcielo.org\/las-benditas-almas-del-purgatorio\/wp-json\/wp\/v2\/tags?post=38"}],"curies":[{"name":"wp","href":"https:\/\/api.w.org\/{rel}","templated":true}]}}