

{"id":468,"date":"2023-04-10T23:09:08","date_gmt":"2023-04-10T23:09:08","guid":{"rendered":"https:\/\/rumboalcielo.org\/las-benditas-almas-del-purgatorio\/?page_id=468"},"modified":"2024-08-04T19:19:40","modified_gmt":"2024-08-04T19:19:40","slug":"las-benitas-almas-del-purgatorio","status":"publish","type":"page","link":"https:\/\/rumboalcielo.org\/las-benditas-almas-del-purgatorio\/","title":{"rendered":"Las Benditas Almas del Purgatorio"},"content":{"rendered":"\n<hr class=\"wp-block-separator has-alpha-channel-opacity\"\/>\n\n\n\n<h2 class=\"wp-block-heading\"><strong>\u00bfQui\u00e9nes son las Benditas Almas del purgatorio?<\/strong><\/h2>\n\n\n\n<p>Las Benditas Almas son las almas de aquellas personas que mueren en la amistad de Dios y van rumbo al cielo. Aunque su salvaci\u00f3n eterna esta asegurada, a\u00fan no son perfectas y requieren purificaci\u00f3n en el Purgatorio antes de entrar en el cielo donde nada imperfecto puede entrar.\u00a0<sup><a href=\"https:\/\/rumboalcielo.org\/las-benditas-almas-del-purgatorio\/#C-1030\">[1]<\/a><\/sup><\/p>\n\n\n\n<h2 class=\"wp-block-heading\"><strong>Las Benditas Almas necesitan de nuestra ayuda<\/strong><\/h2>\n\n\n\n<p>Las Benditas Almas necesitan de nuestra ayuda porque est\u00e1n sufriendo y no pueden orar por s\u00ed mismas. Est\u00e1n completamente a la merced de las oraciones de todos los dem\u00e1s en la tierra.&nbsp;<sup><a href=\"https:\/\/rumboalcielo.org\/las-benditas-almas-del-purgatorio\/#C-1031\">[2]<\/a><\/sup><\/p>\n\n\n\n<h2 class=\"wp-block-heading\"><strong>Las Benditas Almas pueden ayudarnos<\/strong><\/h2>\n\n\n\n<p>Una vez que una Bendita Alma, a la que ayudaste a salir del Purgatorio, llega al Cielo te devolver\u00e1 el favor orando por ti.<\/p>\n\n\n\n<h2 class=\"wp-block-heading\"><strong>Acerca del purgatorio<\/strong><\/h2>\n\n\n\n<p>El purgatorio (en lat\u00edn, \u201cpurgare\u201d, limpiar, purificar) de acuerdo con la ense\u00f1anza cat\u00f3lica es una condici\u00f3n de castigo temporal para aquellos que, partiendo de esta vida en la gracia de Dios, no est\u00e1n enteramente libres de faltas veniales, o no han pagado la satisfacci\u00f3n debida por sus transgresiones.&nbsp;<sup><a href=\"https:\/\/rumboalcielo.org\/las-benditas-almas-del-purgatorio\/#C-1032\">[3]<\/a><\/sup><\/p>\n\n\n\n<div style=\"height:45px\" aria-hidden=\"true\" class=\"wp-block-spacer\"><\/div>\n\n\n\n<h3 class=\"wp-block-heading\" id=\"ref\">Referencias<\/h3>\n\n\n\n<hr class=\"wp-block-separator has-alpha-channel-opacity\"\/>\n\n\n<div class=\"wp-block-uagb-faq uagb-faq__outer-wrap uagb-block-81e0bc51 uagb-faq-icon-row uagb-faq-layout-accordion uagb-faq-expand-first-false uagb-faq-inactive-other-true uagb-faq__wrap uagb-buttons-layout-wrap uagb-faq-equal-height     \" data-faqtoggle=\"true\" role=\"tablist\"><div class=\"wp-block-uagb-faq-child uagb-faq-child__outer-wrap uagb-faq-item uagb-block-d2ed1787 \" role=\"tab\" tabindex=\"0\"><div class=\"uagb-faq-questions-button uagb-faq-questions\">\t\t\t<span class=\"uagb-icon uagb-faq-icon-wrap\">\n\t\t\t\t\t\t\t\t<svg xmlns=\"https:\/\/www.w3.org\/2000\/svg\" viewBox= \"0 0 384 512\"><path d=\"M54.63 246.6L192 109.3l137.4 137.4C335.6 252.9 343.8 256 352 256s16.38-3.125 22.62-9.375c12.5-12.5 12.5-32.75 0-45.25l-160-160c-12.5-12.5-32.75-12.5-45.25 0l-160 160c-12.5 12.5-12.5 32.75 0 45.25S42.13 259.1 54.63 246.6zM214.6 233.4c-12.5-12.5-32.75-12.5-45.25 0l-160 160c-12.5 12.5-12.5 32.75 0 45.25s32.75 12.5 45.25 0L192 301.3l137.4 137.4C335.6 444.9 343.8 448 352 448s16.38-3.125 22.62-9.375c12.5-12.5 12.5-32.75 0-45.25L214.6 233.4z\"><\/path><\/svg>\n\t\t\t\t\t\t\t<\/span>\n\t\t\t\t\t\t<span class=\"uagb-icon-active uagb-faq-icon-wrap\">\n\t\t\t\t\t\t\t\t<svg xmlns=\"https:\/\/www.w3.org\/2000\/svg\" viewBox= \"0 0 384 512\"><path d=\"M169.4 278.6C175.6 284.9 183.8 288 192 288s16.38-3.125 22.62-9.375l160-160c12.5-12.5 12.5-32.75 0-45.25s-32.75-12.5-45.25 0L192 210.8L54.63 73.38c-12.5-12.5-32.75-12.5-45.25 0s-12.5 32.75 0 45.25L169.4 278.6zM329.4 265.4L192 402.8L54.63 265.4c-12.5-12.5-32.75-12.5-45.25 0s-12.5 32.75 0 45.25l160 160C175.6 476.9 183.8 480 192 480s16.38-3.125 22.62-9.375l160-160c12.5-12.5 12.5-32.75 0-45.25S341.9 252.9 329.4 265.4z\"><\/path><\/svg>\n\t\t\t\t\t\t\t<\/span>\n\t\t\t<span class=\"uagb-question\">1. <a href=\"https:\/\/www.vatican.va\/archive\/catechism_sp\/p123a12_sp.html\" target=\"_blank\" rel=\"noreferrer noopener\">Catecismo de la Iglesia Cat\u00f3lica #1030<\/a><\/span><\/div><div class=\"uagb-faq-content\"><p>Los que mueren en la gracia y en la amistad de Dios, pero imperfectamente purificados, aunque est\u00e1n seguros de su eterna salvaci\u00f3n, sufren despu\u00e9s de su muerte una purificaci\u00f3n, a fin de obtener la santidad necesaria para entrar en la alegr\u00eda del cielo.<\/p><\/div><\/div><div class=\"wp-block-uagb-faq-child uagb-faq-child__outer-wrap uagb-faq-item uagb-block-399bfe13 \" role=\"tab\" tabindex=\"0\"><div class=\"uagb-faq-questions-button uagb-faq-questions\">\t\t\t<span class=\"uagb-icon uagb-faq-icon-wrap\">\n\t\t\t\t\t\t\t\t<svg xmlns=\"https:\/\/www.w3.org\/2000\/svg\" viewBox= \"0 0 384 512\"><path d=\"M54.63 246.6L192 109.3l137.4 137.4C335.6 252.9 343.8 256 352 256s16.38-3.125 22.62-9.375c12.5-12.5 12.5-32.75 0-45.25l-160-160c-12.5-12.5-32.75-12.5-45.25 0l-160 160c-12.5 12.5-12.5 32.75 0 45.25S42.13 259.1 54.63 246.6zM214.6 233.4c-12.5-12.5-32.75-12.5-45.25 0l-160 160c-12.5 12.5-12.5 32.75 0 45.25s32.75 12.5 45.25 0L192 301.3l137.4 137.4C335.6 444.9 343.8 448 352 448s16.38-3.125 22.62-9.375c12.5-12.5 12.5-32.75 0-45.25L214.6 233.4z\"><\/path><\/svg>\n\t\t\t\t\t\t\t<\/span>\n\t\t\t\t\t\t<span class=\"uagb-icon-active uagb-faq-icon-wrap\">\n\t\t\t\t\t\t\t\t<svg xmlns=\"https:\/\/www.w3.org\/2000\/svg\" viewBox= \"0 0 384 512\"><path d=\"M169.4 278.6C175.6 284.9 183.8 288 192 288s16.38-3.125 22.62-9.375l160-160c12.5-12.5 12.5-32.75 0-45.25s-32.75-12.5-45.25 0L192 210.8L54.63 73.38c-12.5-12.5-32.75-12.5-45.25 0s-12.5 32.75 0 45.25L169.4 278.6zM329.4 265.4L192 402.8L54.63 265.4c-12.5-12.5-32.75-12.5-45.25 0s-12.5 32.75 0 45.25l160 160C175.6 476.9 183.8 480 192 480s16.38-3.125 22.62-9.375l160-160c12.5-12.5 12.5-32.75 0-45.25S341.9 252.9 329.4 265.4z\"><\/path><\/svg>\n\t\t\t\t\t\t\t<\/span>\n\t\t\t<span class=\"uagb-question\">2. <a href=\"https:\/\/www.vatican.va\/archive\/catechism_sp\/p123a12_sp.html\" target=\"_blank\" rel=\"noreferrer noopener\"><\/a><a href=\"https:\/\/www.vatican.va\/archive\/catechism_sp\/p123a12_sp.html\" target=\"_blank\" rel=\"noreferrer noopener\">Catecismo de la Iglesia Cat\u00f3lica #1031<\/a><\/span><\/div><div class=\"uagb-faq-content\"><p>La Iglesia llama\u00a0<em>purgatorio<\/em>\u00a0a esta purificaci\u00f3n final de los elegidos que es completamente distinta del castigo de los condenados. La Iglesia ha formulado la doctrina de la fe relativa al purgatorio sobre todo en los Concilios de Florencia (cf. DS 1304) y de Trento (cf. DS 1820; 1580). La tradici\u00f3n de la Iglesia, haciendo referencia a ciertos textos de la Escritura (por ejemplo\u00a0<em>1 Co<\/em>\u00a03, 15;\u00a0<em>1 P<\/em>\u00a01, 7) habla de un fuego purificador:<br><em>\u00abRespecto a ciertas faltas ligeras, es necesario creer que, antes del juicio, existe un fuego purificador, seg\u00fan lo que afirma Aquel que es la Verdad, al decir que si alguno ha pronunciado una blasfemia contra el Esp\u00edritu Santo, esto no le ser\u00e1 perdonado ni en este siglo, ni en el futuro (Mt\u00a012, 31). En esta frase podemos entender que algunas faltas pueden ser perdonadas en este siglo, pero otras en el siglo futuro (San Gregorio Magno,\u00a0Dialogi\u00a04, 41, 3).<\/em><\/p><\/div><\/div><div class=\"wp-block-uagb-faq-child uagb-faq-child__outer-wrap uagb-faq-item uagb-block-eea59c37 \" role=\"tab\" tabindex=\"0\"><div class=\"uagb-faq-questions-button uagb-faq-questions\">\t\t\t<span class=\"uagb-icon uagb-faq-icon-wrap\">\n\t\t\t\t\t\t\t\t<svg xmlns=\"https:\/\/www.w3.org\/2000\/svg\" viewBox= \"0 0 384 512\"><path d=\"M54.63 246.6L192 109.3l137.4 137.4C335.6 252.9 343.8 256 352 256s16.38-3.125 22.62-9.375c12.5-12.5 12.5-32.75 0-45.25l-160-160c-12.5-12.5-32.75-12.5-45.25 0l-160 160c-12.5 12.5-12.5 32.75 0 45.25S42.13 259.1 54.63 246.6zM214.6 233.4c-12.5-12.5-32.75-12.5-45.25 0l-160 160c-12.5 12.5-12.5 32.75 0 45.25s32.75 12.5 45.25 0L192 301.3l137.4 137.4C335.6 444.9 343.8 448 352 448s16.38-3.125 22.62-9.375c12.5-12.5 12.5-32.75 0-45.25L214.6 233.4z\"><\/path><\/svg>\n\t\t\t\t\t\t\t<\/span>\n\t\t\t\t\t\t<span class=\"uagb-icon-active uagb-faq-icon-wrap\">\n\t\t\t\t\t\t\t\t<svg xmlns=\"https:\/\/www.w3.org\/2000\/svg\" viewBox= \"0 0 384 512\"><path d=\"M169.4 278.6C175.6 284.9 183.8 288 192 288s16.38-3.125 22.62-9.375l160-160c12.5-12.5 12.5-32.75 0-45.25s-32.75-12.5-45.25 0L192 210.8L54.63 73.38c-12.5-12.5-32.75-12.5-45.25 0s-12.5 32.75 0 45.25L169.4 278.6zM329.4 265.4L192 402.8L54.63 265.4c-12.5-12.5-32.75-12.5-45.25 0s-12.5 32.75 0 45.25l160 160C175.6 476.9 183.8 480 192 480s16.38-3.125 22.62-9.375l160-160c12.5-12.5 12.5-32.75 0-45.25S341.9 252.9 329.4 265.4z\"><\/path><\/svg>\n\t\t\t\t\t\t\t<\/span>\n\t\t\t<span class=\"uagb-question\">3. <a href=\"https:\/\/www.vatican.va\/archive\/catechism_sp\/p123a12_sp.html\"><\/a><a href=\"https:\/\/www.vatican.va\/archive\/catechism_sp\/p123a12_sp.html\">Catecismo de la Iglesia Cat\u00f3lica #1<\/a><a href=\"https:\/\/www.vatican.va\/archive\/catechism_sp\/p123a12_sp.html\" target=\"_blank\" rel=\"noreferrer noopener\">0<\/a><a href=\"https:\/\/www.vatican.va\/archive\/catechism_sp\/p123a12_sp.html\">32<\/a><\/span><\/div><div class=\"uagb-faq-content\"><p>Esta ense\u00f1anza se apoya tambi\u00e9n en la pr\u00e1ctica de la oraci\u00f3n por los difuntos, de la que ya habla la Escritura: \u00abPor eso mand\u00f3 [Judas Macabeo] hacer este sacrificio expiatorio en favor de los muertos, para que quedaran liberados del pecado\u00bb (<em>2 M<\/em>\u00a012, 46). Desde los primeros tiempos, la Iglesia ha honrado la memoria de los difuntos y ha ofrecido sufragios en su favor, en particular el sacrificio eucar\u00edstico (cf. DS 856), para que, una vez purificados, puedan llegar a la visi\u00f3n beat\u00edfica de Dios. La Iglesia tambi\u00e9n recomienda las limosnas, las indulgencias y las obras de penitencia en favor de los difuntos:<br><em>\u00abLlev\u00e9mosles socorros y hagamos su conmemoraci\u00f3n. Si los hijos de Job fueron purificados por el sacrificio de su padre (cf.\u00a0Jb\u00a01, 5), \u00bfpor qu\u00e9 habr\u00edamos de dudar de que nuestras ofrendas por los muertos les lleven un cierto consuelo? [\u2026] No dudemos, pues, en socorrer a los que han partido y en ofrecer nuestras plegarias por ellos\u00bb (San Juan Cris\u00f3stomo,\u00a0In epistulam I ad Corinthios\u00a0homilia 41, 5).<\/em><\/p><\/div><\/div><\/div>","protected":false},"excerpt":{"rendered":"<p>\u00bfQui\u00e9nes son las Benditas Almas del purgatorio? Las Benditas Almas son las almas de aquellas personas que mueren en la amistad de Dios y van rumbo al cielo. Aunque su&#8230;<\/p>\n","protected":false},"author":2,"featured_media":3884,"parent":0,"menu_order":0,"comment_status":"closed","ping_status":"closed","template":"","meta":{"_uag_custom_page_level_css":"","ub_ctt_via":"","_monsterinsights_skip_tracking":false,"_monsterinsights_sitenote_active":false,"_monsterinsights_sitenote_note":"","_monsterinsights_sitenote_category":0,"_EventAllDay":false,"_EventTimezone":"","_EventStartDate":"","_EventEndDate":"","_EventStartDateUTC":"","_EventEndDateUTC":"","_EventShowMap":false,"_EventShowMapLink":false,"_EventURL":"","_EventCost":"","_EventCostDescription":"","_EventCurrencySymbol":"","_EventCurrencyCode":"","_EventCurrencyPosition":"","_EventDateTimeSeparator":"","_EventTimeRangeSeparator":"","_EventOrganizerID":[],"_EventVenueID":[],"_OrganizerEmail":"","_OrganizerPhone":"","_OrganizerWebsite":"","_VenueAddress":"","_VenueCity":"","_VenueCountry":"","_VenueProvince":"","_VenueState":"","_VenueZip":"","_VenuePhone":"","_VenueURL":"","_VenueStateProvince":"","_VenueLat":"","_VenueLng":"","_VenueShowMap":false,"_VenueShowMapLink":false,"footnotes":""},"categories":[],"tags":[],"class_list":["post-468","page","type-page","status-publish","has-post-thumbnail","hentry"],"featured_image_src":"https:\/\/rumboalcielo.org\/las-benditas-almas-del-purgatorio\/wp-content\/uploads\/2024\/05\/rumbo-al-cielo-benditas-almas.jpg","yoast_head":"<!-- This site is optimized with the Yoast SEO plugin v23.8 - https:\/\/yoast.com\/wordpress\/plugins\/seo\/ -->\n<title>Las Benditas Almas del Purgatorio - RUMBO AL CIELO<\/title>\n<meta name=\"robots\" content=\"index, follow, max-snippet:-1, max-image-preview:large, max-video-preview:-1\" \/>\n<link rel=\"canonical\" href=\"https:\/\/rumboalcielo.org\/las-benditas-almas-del-purgatorio\/\" \/>\n<meta property=\"og:locale\" content=\"es_ES\" \/>\n<meta property=\"og:type\" content=\"article\" \/>\n<meta property=\"og:title\" content=\"Las Benditas Almas del Purgatorio - RUMBO AL CIELO\" \/>\n<meta property=\"og:description\" content=\"\u00bfQui\u00e9nes son las Benditas Almas del purgatorio? Las Benditas Almas son las almas de aquellas personas que mueren en la amistad de Dios y van rumbo al cielo. Aunque su...\" \/>\n<meta property=\"og:url\" content=\"https:\/\/rumboalcielo.org\/las-benditas-almas-del-purgatorio\/\" \/>\n<meta property=\"og:site_name\" content=\"RUMBO AL CIELO\" \/>\n<meta property=\"article:modified_time\" content=\"2024-08-04T19:19:40+00:00\" \/>\n<meta property=\"og:image\" content=\"https:\/\/rumboalcielo.org\/las-benditas-almas-del-purgatorio\/wp-content\/uploads\/2024\/05\/rumbo-al-cielo-benditas-almas.jpg\" \/>\n\t<meta property=\"og:image:width\" content=\"1920\" \/>\n\t<meta property=\"og:image:height\" content=\"1080\" \/>\n\t<meta property=\"og:image:type\" content=\"image\/jpeg\" \/>\n<meta name=\"twitter:card\" content=\"summary_large_image\" \/>\n<meta name=\"twitter:label1\" content=\"Tiempo de lectura\" \/>\n\t<meta name=\"twitter:data1\" content=\"3 minutos\" \/>\n<script type=\"application\/ld+json\" class=\"yoast-schema-graph\">{\"@context\":\"https:\/\/schema.org\",\"@graph\":[{\"@type\":\"WebPage\",\"@id\":\"https:\/\/rumboalcielo.org\/las-benditas-almas-del-purgatorio\/\",\"url\":\"https:\/\/rumboalcielo.org\/las-benditas-almas-del-purgatorio\/\",\"name\":\"Las Benditas Almas del Purgatorio - RUMBO AL CIELO\",\"isPartOf\":{\"@id\":\"https:\/\/rumboalcielo.org\/las-benditas-almas-del-purgatorio\/#website\"},\"primaryImageOfPage\":{\"@id\":\"https:\/\/rumboalcielo.org\/las-benditas-almas-del-purgatorio\/#primaryimage\"},\"image\":{\"@id\":\"https:\/\/rumboalcielo.org\/las-benditas-almas-del-purgatorio\/#primaryimage\"},\"thumbnailUrl\":\"https:\/\/rumboalcielo.org\/las-benditas-almas-del-purgatorio\/wp-content\/uploads\/2024\/05\/rumbo-al-cielo-benditas-almas.jpg\",\"datePublished\":\"2023-04-10T23:09:08+00:00\",\"dateModified\":\"2024-08-04T19:19:40+00:00\",\"inLanguage\":\"es\",\"potentialAction\":[{\"@type\":\"ReadAction\",\"target\":[\"https:\/\/rumboalcielo.org\/las-benditas-almas-del-purgatorio\/\"]}]},{\"@type\":\"ImageObject\",\"inLanguage\":\"es\",\"@id\":\"https:\/\/rumboalcielo.org\/las-benditas-almas-del-purgatorio\/#primaryimage\",\"url\":\"https:\/\/rumboalcielo.org\/las-benditas-almas-del-purgatorio\/wp-content\/uploads\/2024\/05\/rumbo-al-cielo-benditas-almas.jpg\",\"contentUrl\":\"https:\/\/rumboalcielo.org\/las-benditas-almas-del-purgatorio\/wp-content\/uploads\/2024\/05\/rumbo-al-cielo-benditas-almas.jpg\",\"width\":1920,\"height\":1080},{\"@type\":\"WebSite\",\"@id\":\"https:\/\/rumboalcielo.org\/las-benditas-almas-del-purgatorio\/#website\",\"url\":\"https:\/\/rumboalcielo.org\/las-benditas-almas-del-purgatorio\/\",\"name\":\"RUMBO AL CIELO\",\"description\":\"LAS BENDITAS ALMAS DEL PURGATORIO\",\"potentialAction\":[{\"@type\":\"SearchAction\",\"target\":{\"@type\":\"EntryPoint\",\"urlTemplate\":\"https:\/\/rumboalcielo.org\/las-benditas-almas-del-purgatorio\/?s={search_term_string}\"},\"query-input\":{\"@type\":\"PropertyValueSpecification\",\"valueRequired\":true,\"valueName\":\"search_term_string\"}}],\"inLanguage\":\"es\"}]}<\/script>\n<!-- \/ Yoast SEO plugin. -->","yoast_head_json":{"title":"Las Benditas Almas del Purgatorio - RUMBO AL CIELO","robots":{"index":"index","follow":"follow","max-snippet":"max-snippet:-1","max-image-preview":"max-image-preview:large","max-video-preview":"max-video-preview:-1"},"canonical":"https:\/\/rumboalcielo.org\/las-benditas-almas-del-purgatorio\/","og_locale":"es_ES","og_type":"article","og_title":"Las Benditas Almas del Purgatorio - RUMBO AL CIELO","og_description":"\u00bfQui\u00e9nes son las Benditas Almas del purgatorio? Las Benditas Almas son las almas de aquellas personas que mueren en la amistad de Dios y van rumbo al cielo. Aunque su...","og_url":"https:\/\/rumboalcielo.org\/las-benditas-almas-del-purgatorio\/","og_site_name":"RUMBO AL CIELO","article_modified_time":"2024-08-04T19:19:40+00:00","og_image":[{"width":1920,"height":1080,"url":"https:\/\/rumboalcielo.org\/las-benditas-almas-del-purgatorio\/wp-content\/uploads\/2024\/05\/rumbo-al-cielo-benditas-almas.jpg","type":"image\/jpeg"}],"twitter_card":"summary_large_image","twitter_misc":{"Tiempo de lectura":"3 minutos"},"schema":{"@context":"https:\/\/schema.org","@graph":[{"@type":"WebPage","@id":"https:\/\/rumboalcielo.org\/las-benditas-almas-del-purgatorio\/","url":"https:\/\/rumboalcielo.org\/las-benditas-almas-del-purgatorio\/","name":"Las Benditas Almas del Purgatorio - RUMBO AL CIELO","isPartOf":{"@id":"https:\/\/rumboalcielo.org\/las-benditas-almas-del-purgatorio\/#website"},"primaryImageOfPage":{"@id":"https:\/\/rumboalcielo.org\/las-benditas-almas-del-purgatorio\/#primaryimage"},"image":{"@id":"https:\/\/rumboalcielo.org\/las-benditas-almas-del-purgatorio\/#primaryimage"},"thumbnailUrl":"https:\/\/rumboalcielo.org\/las-benditas-almas-del-purgatorio\/wp-content\/uploads\/2024\/05\/rumbo-al-cielo-benditas-almas.jpg","datePublished":"2023-04-10T23:09:08+00:00","dateModified":"2024-08-04T19:19:40+00:00","inLanguage":"es","potentialAction":[{"@type":"ReadAction","target":["https:\/\/rumboalcielo.org\/las-benditas-almas-del-purgatorio\/"]}]},{"@type":"ImageObject","inLanguage":"es","@id":"https:\/\/rumboalcielo.org\/las-benditas-almas-del-purgatorio\/#primaryimage","url":"https:\/\/rumboalcielo.org\/las-benditas-almas-del-purgatorio\/wp-content\/uploads\/2024\/05\/rumbo-al-cielo-benditas-almas.jpg","contentUrl":"https:\/\/rumboalcielo.org\/las-benditas-almas-del-purgatorio\/wp-content\/uploads\/2024\/05\/rumbo-al-cielo-benditas-almas.jpg","width":1920,"height":1080},{"@type":"WebSite","@id":"https:\/\/rumboalcielo.org\/las-benditas-almas-del-purgatorio\/#website","url":"https:\/\/rumboalcielo.org\/las-benditas-almas-del-purgatorio\/","name":"RUMBO AL CIELO","description":"LAS BENDITAS ALMAS DEL PURGATORIO","potentialAction":[{"@type":"SearchAction","target":{"@type":"EntryPoint","urlTemplate":"https:\/\/rumboalcielo.org\/las-benditas-almas-del-purgatorio\/?s={search_term_string}"},"query-input":{"@type":"PropertyValueSpecification","valueRequired":true,"valueName":"search_term_string"}}],"inLanguage":"es"}]}},"uagb_featured_image_src":{"full":["https:\/\/rumboalcielo.org\/las-benditas-almas-del-purgatorio\/wp-content\/uploads\/2024\/05\/rumbo-al-cielo-benditas-almas.jpg",1920,1080,false],"thumbnail":["https:\/\/rumboalcielo.org\/las-benditas-almas-del-purgatorio\/wp-content\/uploads\/2024\/05\/rumbo-al-cielo-benditas-almas-150x150.jpg",150,150,true],"medium":["https:\/\/rumboalcielo.org\/las-benditas-almas-del-purgatorio\/wp-content\/uploads\/2024\/05\/rumbo-al-cielo-benditas-almas-300x169.jpg",300,169,true],"medium_large":["https:\/\/rumboalcielo.org\/las-benditas-almas-del-purgatorio\/wp-content\/uploads\/2024\/05\/rumbo-al-cielo-benditas-almas-768x432.jpg",640,360,true],"large":["https:\/\/rumboalcielo.org\/las-benditas-almas-del-purgatorio\/wp-content\/uploads\/2024\/05\/rumbo-al-cielo-benditas-almas-1024x576.jpg",640,360,true],"1536x1536":["https:\/\/rumboalcielo.org\/las-benditas-almas-del-purgatorio\/wp-content\/uploads\/2024\/05\/rumbo-al-cielo-benditas-almas-1536x864.jpg",1536,864,true],"2048x2048":["https:\/\/rumboalcielo.org\/las-benditas-almas-del-purgatorio\/wp-content\/uploads\/2024\/05\/rumbo-al-cielo-benditas-almas.jpg",1920,1080,false],"post-thumbnail":["https:\/\/rumboalcielo.org\/las-benditas-almas-del-purgatorio\/wp-content\/uploads\/2024\/05\/rumbo-al-cielo-benditas-almas-300x169.jpg",300,169,true],"minimalistblogger-grid":["https:\/\/rumboalcielo.org\/las-benditas-almas-del-purgatorio\/wp-content\/uploads\/2024\/05\/rumbo-al-cielo-benditas-almas-350x230.jpg",350,230,true],"minimalistblogger-slider":["https:\/\/rumboalcielo.org\/las-benditas-almas-del-purgatorio\/wp-content\/uploads\/2024\/05\/rumbo-al-cielo-benditas-almas-850x478.jpg",850,478,true],"minimalistblogger-small":["https:\/\/rumboalcielo.org\/las-benditas-almas-del-purgatorio\/wp-content\/uploads\/2024\/05\/rumbo-al-cielo-benditas-almas-300x180.jpg",300,180,true]},"uagb_author_info":{"display_name":"Josue","author_link":"https:\/\/rumboalcielo.org\/las-benditas-almas-del-purgatorio\/author\/josuelinked\/"},"uagb_comment_info":0,"uagb_excerpt":"\u00bfQui\u00e9nes son las Benditas Almas del purgatorio? Las Benditas Almas son las almas de aquellas personas que mueren en la amistad de Dios y van rumbo al cielo. Aunque su...","_links":{"self":[{"href":"https:\/\/rumboalcielo.org\/las-benditas-almas-del-purgatorio\/wp-json\/wp\/v2\/pages\/468","targetHints":{"allow":["GET"]}}],"collection":[{"href":"https:\/\/rumboalcielo.org\/las-benditas-almas-del-purgatorio\/wp-json\/wp\/v2\/pages"}],"about":[{"href":"https:\/\/rumboalcielo.org\/las-benditas-almas-del-purgatorio\/wp-json\/wp\/v2\/types\/page"}],"author":[{"embeddable":true,"href":"https:\/\/rumboalcielo.org\/las-benditas-almas-del-purgatorio\/wp-json\/wp\/v2\/users\/2"}],"replies":[{"embeddable":true,"href":"https:\/\/rumboalcielo.org\/las-benditas-almas-del-purgatorio\/wp-json\/wp\/v2\/comments?post=468"}],"version-history":[{"count":109,"href":"https:\/\/rumboalcielo.org\/las-benditas-almas-del-purgatorio\/wp-json\/wp\/v2\/pages\/468\/revisions"}],"predecessor-version":[{"id":4347,"href":"https:\/\/rumboalcielo.org\/las-benditas-almas-del-purgatorio\/wp-json\/wp\/v2\/pages\/468\/revisions\/4347"}],"wp:featuredmedia":[{"embeddable":true,"href":"https:\/\/rumboalcielo.org\/las-benditas-almas-del-purgatorio\/wp-json\/wp\/v2\/media\/3884"}],"wp:attachment":[{"href":"https:\/\/rumboalcielo.org\/las-benditas-almas-del-purgatorio\/wp-json\/wp\/v2\/media?parent=468"}],"wp:term":[{"taxonomy":"category","embeddable":true,"href":"https:\/\/rumboalcielo.org\/las-benditas-almas-del-purgatorio\/wp-json\/wp\/v2\/categories?post=468"},{"taxonomy":"post_tag","embeddable":true,"href":"https:\/\/rumboalcielo.org\/las-benditas-almas-del-purgatorio\/wp-json\/wp\/v2\/tags?post=468"}],"curies":[{"name":"wp","href":"https:\/\/api.w.org\/{rel}","templated":true}]}}