

{"id":556,"date":"2023-04-12T19:48:03","date_gmt":"2023-04-12T19:48:03","guid":{"rendered":"https:\/\/rumboalcielo.org\/las-benditas-almas-del-purgatorio\/?page_id=556"},"modified":"2024-06-08T00:34:11","modified_gmt":"2024-06-08T00:34:11","slug":"fechas-importantes","status":"publish","type":"page","link":"https:\/\/rumboalcielo.org\/las-benditas-almas-del-purgatorio\/fechas-importantes\/","title":{"rendered":"Fechas Importantes"},"content":{"rendered":"\n<hr class=\"wp-block-separator has-alpha-channel-opacity is-style-default\"\/>\n\n\n\n<h2 class=\"wp-block-heading\">Fechas de gran <strong>importancia<\/strong> para ayudar a Las Santas Almas<\/h2>\n\n\n\n<div style=\"height:45px\" aria-hidden=\"true\" class=\"wp-block-spacer\"><\/div>\n\n\n\n<h1 class=\"wp-block-heading\" style=\"letter-spacing:4px;text-transform:uppercase\"><strong>Agosto<\/strong><\/h1>\n\n\n\n<h4 class=\"wp-block-heading\">15 de agosto \u2013 La Asunci\u00f3n de la Sant\u00edsima Virgen Mar\u00eda<\/h4>\n\n\n\n<ul class=\"wp-block-list\">\n<li>Cuarto d\u00eda de todo el a\u00f1o, en que m\u00e1s Almas se liberan del purgatorio.<\/li>\n<\/ul>\n\n\n\n<div style=\"height:45px\" aria-hidden=\"true\" class=\"wp-block-spacer\"><\/div>\n\n\n\n<h1 class=\"wp-block-heading\" style=\"letter-spacing:4px;text-transform:uppercase\"><strong>Noviembre<\/strong><\/h1>\n\n\n\n<h4 class=\"wp-block-heading\">1 de noviembre &#8211; D\u00eda de Todos los Santos<\/h4>\n\n\n\n<h4 class=\"wp-block-heading\">2 de noviembre &#8211; D\u00eda de los Difuntos<\/h4>\n\n\n\n<ul class=\"wp-block-list\">\n<li>Segundo d\u00eda de todo el a\u00f1o, en que m\u00e1s Almas se liberan del purgatorio.<\/li>\n<\/ul>\n\n\n\n<h4 class=\"wp-block-heading\">1-8 de noviembre \u2013 Octava de Todos los Santos<\/h4>\n\n\n\n<ul class=\"wp-block-list\">\n<li><a href=\"https:\/\/rumboalcielo.org\/las-benditas-almas-del-purgatorio\/como-ayudarlas\/indulgencias-para-las-santas-almas\/\">Indulgencias plenarias y parciales est\u00e1n disponibles para Las Santas Almas<\/a><\/li>\n<\/ul>\n\n\n\n<h4 class=\"wp-block-heading\">Viernes Santo (Viernes anterior a Pascua)<\/h4>\n\n\n\n<ul class=\"wp-block-list\">\n<li>Tercer d\u00eda de todo el a\u00f1o, en que m\u00e1s Almas se liberan del purgatorio.<\/li>\n<\/ul>\n\n\n\n<div style=\"height:45px\" aria-hidden=\"true\" class=\"wp-block-spacer\"><\/div>\n\n\n\n<h1 class=\"wp-block-heading\" style=\"letter-spacing:4px;text-transform:uppercase\"><strong>Diciembre<\/strong><\/h1>\n\n\n\n<h4 class=\"wp-block-heading\">25 de diciembre \u2013 D\u00eda de Navidad<\/h4>\n\n\n\n<ul class=\"wp-block-list\">\n<li>Principal d\u00eda de todo el a\u00f1o, en que m\u00e1s Almas se liberan del purgatorio.<\/li>\n<\/ul>\n","protected":false},"excerpt":{"rendered":"<p>Fechas de gran importancia para ayudar a Las Santas Almas Agosto 15 de agosto \u2013 La Asunci\u00f3n de la Sant\u00edsima Virgen Mar\u00eda Noviembre 1 de noviembre &#8211; D\u00eda de Todos&#8230;<\/p>\n","protected":false},"author":2,"featured_media":4234,"parent":0,"menu_order":0,"comment_status":"closed","ping_status":"closed","template":"","meta":{"_uag_custom_page_level_css":"","ub_ctt_via":"","_monsterinsights_skip_tracking":false,"_monsterinsights_sitenote_active":false,"_monsterinsights_sitenote_note":"","_monsterinsights_sitenote_category":0,"_EventAllDay":false,"_EventTimezone":"","_EventStartDate":"","_EventEndDate":"","_EventStartDateUTC":"","_EventEndDateUTC":"","_EventShowMap":false,"_EventShowMapLink":false,"_EventURL":"","_EventCost":"","_EventCostDescription":"","_EventCurrencySymbol":"","_EventCurrencyCode":"","_EventCurrencyPosition":"","_EventDateTimeSeparator":"","_EventTimeRangeSeparator":"","_EventOrganizerID":[],"_EventVenueID":[],"_OrganizerEmail":"","_OrganizerPhone":"","_OrganizerWebsite":"","_VenueAddress":"","_VenueCity":"","_VenueCountry":"","_VenueProvince":"","_VenueState":"","_VenueZip":"","_VenuePhone":"","_VenueURL":"","_VenueStateProvince":"","_VenueLat":"","_VenueLng":"","_VenueShowMap":false,"_VenueShowMapLink":false,"footnotes":""},"categories":[],"tags":[],"class_list":["post-556","page","type-page","status-publish","has-post-thumbnail","hentry"],"featured_image_src":"https:\/\/rumboalcielo.org\/las-benditas-almas-del-purgatorio\/wp-content\/uploads\/2024\/06\/rumbo-al-cielo-benditas-almas.jpg","yoast_head":"<!-- This site is optimized with the Yoast SEO plugin v23.8 - https:\/\/yoast.com\/wordpress\/plugins\/seo\/ -->\n<title>Fechas Importantes - RUMBO AL CIELO<\/title>\n<meta name=\"robots\" content=\"index, follow, max-snippet:-1, max-image-preview:large, max-video-preview:-1\" \/>\n<link rel=\"canonical\" href=\"https:\/\/rumboalcielo.org\/las-benditas-almas-del-purgatorio\/fechas-importantes\/\" \/>\n<meta property=\"og:locale\" content=\"es_ES\" \/>\n<meta property=\"og:type\" content=\"article\" \/>\n<meta property=\"og:title\" content=\"Fechas Importantes - RUMBO AL CIELO\" \/>\n<meta property=\"og:description\" content=\"Fechas de gran importancia para ayudar a Las Santas Almas Agosto 15 de agosto \u2013 La Asunci\u00f3n de la Sant\u00edsima Virgen Mar\u00eda Noviembre 1 de noviembre &#8211; D\u00eda de Todos...\" \/>\n<meta property=\"og:url\" content=\"https:\/\/rumboalcielo.org\/las-benditas-almas-del-purgatorio\/fechas-importantes\/\" \/>\n<meta property=\"og:site_name\" content=\"RUMBO AL CIELO\" \/>\n<meta property=\"article:modified_time\" content=\"2024-06-08T00:34:11+00:00\" \/>\n<meta property=\"og:image\" content=\"https:\/\/rumboalcielo.org\/las-benditas-almas-del-purgatorio\/wp-content\/uploads\/2024\/06\/rumbo-al-cielo-benditas-almas.jpg\" \/>\n\t<meta property=\"og:image:width\" content=\"1920\" \/>\n\t<meta property=\"og:image:height\" content=\"1080\" \/>\n\t<meta property=\"og:image:type\" content=\"image\/jpeg\" \/>\n<meta name=\"twitter:card\" content=\"summary_large_image\" \/>\n<meta name=\"twitter:label1\" content=\"Tiempo de lectura\" \/>\n\t<meta name=\"twitter:data1\" content=\"1 minuto\" \/>\n<script type=\"application\/ld+json\" class=\"yoast-schema-graph\">{\"@context\":\"https:\/\/schema.org\",\"@graph\":[{\"@type\":\"WebPage\",\"@id\":\"https:\/\/rumboalcielo.org\/las-benditas-almas-del-purgatorio\/fechas-importantes\/\",\"url\":\"https:\/\/rumboalcielo.org\/las-benditas-almas-del-purgatorio\/fechas-importantes\/\",\"name\":\"Fechas Importantes - RUMBO AL CIELO\",\"isPartOf\":{\"@id\":\"https:\/\/rumboalcielo.org\/las-benditas-almas-del-purgatorio\/#website\"},\"primaryImageOfPage\":{\"@id\":\"https:\/\/rumboalcielo.org\/las-benditas-almas-del-purgatorio\/fechas-importantes\/#primaryimage\"},\"image\":{\"@id\":\"https:\/\/rumboalcielo.org\/las-benditas-almas-del-purgatorio\/fechas-importantes\/#primaryimage\"},\"thumbnailUrl\":\"https:\/\/rumboalcielo.org\/las-benditas-almas-del-purgatorio\/wp-content\/uploads\/2024\/06\/rumbo-al-cielo-benditas-almas.jpg\",\"datePublished\":\"2023-04-12T19:48:03+00:00\",\"dateModified\":\"2024-06-08T00:34:11+00:00\",\"inLanguage\":\"es\",\"potentialAction\":[{\"@type\":\"ReadAction\",\"target\":[\"https:\/\/rumboalcielo.org\/las-benditas-almas-del-purgatorio\/fechas-importantes\/\"]}]},{\"@type\":\"ImageObject\",\"inLanguage\":\"es\",\"@id\":\"https:\/\/rumboalcielo.org\/las-benditas-almas-del-purgatorio\/fechas-importantes\/#primaryimage\",\"url\":\"https:\/\/rumboalcielo.org\/las-benditas-almas-del-purgatorio\/wp-content\/uploads\/2024\/06\/rumbo-al-cielo-benditas-almas.jpg\",\"contentUrl\":\"https:\/\/rumboalcielo.org\/las-benditas-almas-del-purgatorio\/wp-content\/uploads\/2024\/06\/rumbo-al-cielo-benditas-almas.jpg\",\"width\":1920,\"height\":1080},{\"@type\":\"WebSite\",\"@id\":\"https:\/\/rumboalcielo.org\/las-benditas-almas-del-purgatorio\/#website\",\"url\":\"https:\/\/rumboalcielo.org\/las-benditas-almas-del-purgatorio\/\",\"name\":\"RUMBO AL CIELO\",\"description\":\"LAS BENDITAS ALMAS DEL PURGATORIO\",\"potentialAction\":[{\"@type\":\"SearchAction\",\"target\":{\"@type\":\"EntryPoint\",\"urlTemplate\":\"https:\/\/rumboalcielo.org\/las-benditas-almas-del-purgatorio\/?s={search_term_string}\"},\"query-input\":{\"@type\":\"PropertyValueSpecification\",\"valueRequired\":true,\"valueName\":\"search_term_string\"}}],\"inLanguage\":\"es\"}]}<\/script>\n<!-- \/ Yoast SEO plugin. -->","yoast_head_json":{"title":"Fechas Importantes - RUMBO AL CIELO","robots":{"index":"index","follow":"follow","max-snippet":"max-snippet:-1","max-image-preview":"max-image-preview:large","max-video-preview":"max-video-preview:-1"},"canonical":"https:\/\/rumboalcielo.org\/las-benditas-almas-del-purgatorio\/fechas-importantes\/","og_locale":"es_ES","og_type":"article","og_title":"Fechas Importantes - RUMBO AL CIELO","og_description":"Fechas de gran importancia para ayudar a Las Santas Almas Agosto 15 de agosto \u2013 La Asunci\u00f3n de la Sant\u00edsima Virgen Mar\u00eda Noviembre 1 de noviembre &#8211; D\u00eda de Todos...","og_url":"https:\/\/rumboalcielo.org\/las-benditas-almas-del-purgatorio\/fechas-importantes\/","og_site_name":"RUMBO AL CIELO","article_modified_time":"2024-06-08T00:34:11+00:00","og_image":[{"width":1920,"height":1080,"url":"https:\/\/rumboalcielo.org\/las-benditas-almas-del-purgatorio\/wp-content\/uploads\/2024\/06\/rumbo-al-cielo-benditas-almas.jpg","type":"image\/jpeg"}],"twitter_card":"summary_large_image","twitter_misc":{"Tiempo de lectura":"1 minuto"},"schema":{"@context":"https:\/\/schema.org","@graph":[{"@type":"WebPage","@id":"https:\/\/rumboalcielo.org\/las-benditas-almas-del-purgatorio\/fechas-importantes\/","url":"https:\/\/rumboalcielo.org\/las-benditas-almas-del-purgatorio\/fechas-importantes\/","name":"Fechas Importantes - RUMBO AL CIELO","isPartOf":{"@id":"https:\/\/rumboalcielo.org\/las-benditas-almas-del-purgatorio\/#website"},"primaryImageOfPage":{"@id":"https:\/\/rumboalcielo.org\/las-benditas-almas-del-purgatorio\/fechas-importantes\/#primaryimage"},"image":{"@id":"https:\/\/rumboalcielo.org\/las-benditas-almas-del-purgatorio\/fechas-importantes\/#primaryimage"},"thumbnailUrl":"https:\/\/rumboalcielo.org\/las-benditas-almas-del-purgatorio\/wp-content\/uploads\/2024\/06\/rumbo-al-cielo-benditas-almas.jpg","datePublished":"2023-04-12T19:48:03+00:00","dateModified":"2024-06-08T00:34:11+00:00","inLanguage":"es","potentialAction":[{"@type":"ReadAction","target":["https:\/\/rumboalcielo.org\/las-benditas-almas-del-purgatorio\/fechas-importantes\/"]}]},{"@type":"ImageObject","inLanguage":"es","@id":"https:\/\/rumboalcielo.org\/las-benditas-almas-del-purgatorio\/fechas-importantes\/#primaryimage","url":"https:\/\/rumboalcielo.org\/las-benditas-almas-del-purgatorio\/wp-content\/uploads\/2024\/06\/rumbo-al-cielo-benditas-almas.jpg","contentUrl":"https:\/\/rumboalcielo.org\/las-benditas-almas-del-purgatorio\/wp-content\/uploads\/2024\/06\/rumbo-al-cielo-benditas-almas.jpg","width":1920,"height":1080},{"@type":"WebSite","@id":"https:\/\/rumboalcielo.org\/las-benditas-almas-del-purgatorio\/#website","url":"https:\/\/rumboalcielo.org\/las-benditas-almas-del-purgatorio\/","name":"RUMBO AL CIELO","description":"LAS BENDITAS ALMAS DEL PURGATORIO","potentialAction":[{"@type":"SearchAction","target":{"@type":"EntryPoint","urlTemplate":"https:\/\/rumboalcielo.org\/las-benditas-almas-del-purgatorio\/?s={search_term_string}"},"query-input":{"@type":"PropertyValueSpecification","valueRequired":true,"valueName":"search_term_string"}}],"inLanguage":"es"}]}},"uagb_featured_image_src":{"full":["https:\/\/rumboalcielo.org\/las-benditas-almas-del-purgatorio\/wp-content\/uploads\/2024\/06\/rumbo-al-cielo-benditas-almas.jpg",1920,1080,false],"thumbnail":["https:\/\/rumboalcielo.org\/las-benditas-almas-del-purgatorio\/wp-content\/uploads\/2024\/06\/rumbo-al-cielo-benditas-almas-150x150.jpg",150,150,true],"medium":["https:\/\/rumboalcielo.org\/las-benditas-almas-del-purgatorio\/wp-content\/uploads\/2024\/06\/rumbo-al-cielo-benditas-almas-300x169.jpg",300,169,true],"medium_large":["https:\/\/rumboalcielo.org\/las-benditas-almas-del-purgatorio\/wp-content\/uploads\/2024\/06\/rumbo-al-cielo-benditas-almas-768x432.jpg",640,360,true],"large":["https:\/\/rumboalcielo.org\/las-benditas-almas-del-purgatorio\/wp-content\/uploads\/2024\/06\/rumbo-al-cielo-benditas-almas-1024x576.jpg",640,360,true],"1536x1536":["https:\/\/rumboalcielo.org\/las-benditas-almas-del-purgatorio\/wp-content\/uploads\/2024\/06\/rumbo-al-cielo-benditas-almas-1536x864.jpg",1536,864,true],"2048x2048":["https:\/\/rumboalcielo.org\/las-benditas-almas-del-purgatorio\/wp-content\/uploads\/2024\/06\/rumbo-al-cielo-benditas-almas.jpg",1920,1080,false],"post-thumbnail":["https:\/\/rumboalcielo.org\/las-benditas-almas-del-purgatorio\/wp-content\/uploads\/2024\/06\/rumbo-al-cielo-benditas-almas-300x169.jpg",300,169,true],"minimalistblogger-grid":["https:\/\/rumboalcielo.org\/las-benditas-almas-del-purgatorio\/wp-content\/uploads\/2024\/06\/rumbo-al-cielo-benditas-almas-350x230.jpg",350,230,true],"minimalistblogger-slider":["https:\/\/rumboalcielo.org\/las-benditas-almas-del-purgatorio\/wp-content\/uploads\/2024\/06\/rumbo-al-cielo-benditas-almas-850x478.jpg",850,478,true],"minimalistblogger-small":["https:\/\/rumboalcielo.org\/las-benditas-almas-del-purgatorio\/wp-content\/uploads\/2024\/06\/rumbo-al-cielo-benditas-almas-300x180.jpg",300,180,true]},"uagb_author_info":{"display_name":"Josue","author_link":"https:\/\/rumboalcielo.org\/las-benditas-almas-del-purgatorio\/author\/josuelinked\/"},"uagb_comment_info":0,"uagb_excerpt":"Fechas de gran importancia para ayudar a Las Santas Almas Agosto 15 de agosto \u2013 La Asunci\u00f3n de la Sant\u00edsima Virgen Mar\u00eda Noviembre 1 de noviembre &#8211; D\u00eda de Todos...","_links":{"self":[{"href":"https:\/\/rumboalcielo.org\/las-benditas-almas-del-purgatorio\/wp-json\/wp\/v2\/pages\/556","targetHints":{"allow":["GET"]}}],"collection":[{"href":"https:\/\/rumboalcielo.org\/las-benditas-almas-del-purgatorio\/wp-json\/wp\/v2\/pages"}],"about":[{"href":"https:\/\/rumboalcielo.org\/las-benditas-almas-del-purgatorio\/wp-json\/wp\/v2\/types\/page"}],"author":[{"embeddable":true,"href":"https:\/\/rumboalcielo.org\/las-benditas-almas-del-purgatorio\/wp-json\/wp\/v2\/users\/2"}],"replies":[{"embeddable":true,"href":"https:\/\/rumboalcielo.org\/las-benditas-almas-del-purgatorio\/wp-json\/wp\/v2\/comments?post=556"}],"version-history":[{"count":53,"href":"https:\/\/rumboalcielo.org\/las-benditas-almas-del-purgatorio\/wp-json\/wp\/v2\/pages\/556\/revisions"}],"predecessor-version":[{"id":3698,"href":"https:\/\/rumboalcielo.org\/las-benditas-almas-del-purgatorio\/wp-json\/wp\/v2\/pages\/556\/revisions\/3698"}],"wp:featuredmedia":[{"embeddable":true,"href":"https:\/\/rumboalcielo.org\/las-benditas-almas-del-purgatorio\/wp-json\/wp\/v2\/media\/4234"}],"wp:attachment":[{"href":"https:\/\/rumboalcielo.org\/las-benditas-almas-del-purgatorio\/wp-json\/wp\/v2\/media?parent=556"}],"wp:term":[{"taxonomy":"category","embeddable":true,"href":"https:\/\/rumboalcielo.org\/las-benditas-almas-del-purgatorio\/wp-json\/wp\/v2\/categories?post=556"},{"taxonomy":"post_tag","embeddable":true,"href":"https:\/\/rumboalcielo.org\/las-benditas-almas-del-purgatorio\/wp-json\/wp\/v2\/tags?post=556"}],"curies":[{"name":"wp","href":"https:\/\/api.w.org\/{rel}","templated":true}]}}