

{"id":575,"date":"2023-04-12T20:26:53","date_gmt":"2023-04-12T20:26:53","guid":{"rendered":"https:\/\/rumboalcielo.org\/las-benditas-almas-del-purgatorio\/?page_id=575"},"modified":"2024-05-28T13:28:48","modified_gmt":"2024-05-28T13:28:48","slug":"indulgencias-para-las-santas-almas","status":"publish","type":"page","link":"https:\/\/rumboalcielo.org\/las-benditas-almas-del-purgatorio\/como-ayudar-a-las-benditas-almas-del-purgatorio\/indulgencias-para-las-santas-almas\/","title":{"rendered":"Indulgencias"},"content":{"rendered":"\n<hr class=\"wp-block-separator has-alpha-channel-opacity\"\/>\n\n\n\n<p>Podemos sacar indulgencias del tesoro de la Iglesia para ayudar a Las Santas Almas del Purgatorio.&nbsp;<sup><a href=\"https:\/\/rumboalcielo.org\/las-benditas-almas-del-purgatorio\/como-ayudarlas\/indulgencias-para-las-santas-almas\/#FAUSTINA-1226\">[1]<\/a><\/sup><\/p>\n\n\n\n<h2 class=\"wp-block-heading\"><strong>Indulgencias Plenarias<\/strong><\/h2>\n\n\n\n<ol class=\"wp-block-list\">\n<li>Adoraci\u00f3n por 30 minutos.<\/li>\n\n\n\n<li>Estaciones de la Cruz.<\/li>\n\n\n\n<li>Rosario dentro de una iglesia\/capilla o con otra persona.<\/li>\n\n\n\n<li>Lectura de las Escrituras durante 30 minutos.<\/li>\n<\/ol>\n\n\n\n<h4 class=\"wp-block-heading\"><strong>Condiciones para la indulgencia plenaria<\/strong>&nbsp;:<\/h4>\n\n\n\n<ol class=\"wp-block-list\">\n<li>Recibir la Sagrada Comuni\u00f3n.<\/li>\n\n\n\n<li>Confesi\u00f3n (unos 20 d\u00edas antes o despu\u00e9s).<\/li>\n\n\n\n<li>Oren por las intenciones del Santo Padre.<br>(Padre Nuestro, Ave Mar\u00eda, Gloria).<\/li>\n\n\n\n<li>No tengas apego al pecado, ni siquiera al venial.&nbsp;(\u00a1Dif\u00edcil!)<\/li>\n<\/ol>\n\n\n\n<p>Estas condiciones pueden cumplirse varios d\u00edas antes o despu\u00e9s de la visita a la Iglesia.&nbsp;La indulgencia plenaria s\u00f3lo puede adquirirse una vez en el transcurso del d\u00eda;&nbsp;sin embargo, es conveniente que se reciba la Sagrada Comuni\u00f3n y se rece la oraci\u00f3n por la intenci\u00f3n del Santo Padre el mismo d\u00eda en que se realiza el trabajo.<\/p>\n\n\n\n<h2 class=\"wp-block-heading\"><strong>Indulgencias Parciales<\/strong><\/h2>\n\n\n\n<ol class=\"wp-block-list\">\n<li>Haciendo la Se\u00f1al de la Santa Cruz.<\/li>\n\n\n\n<li>Rezar el Rosario (no en com\u00fan con otros).<\/li>\n\n\n\n<li>Elevar el pensamiento a Dios de manera piadosa.<\/li>\n\n\n\n<li>Ense\u00f1ar o asistir a una clase de catecismo.<\/li>\n\n\n\n<li>Ayunar.<\/li>\n\n\n\n<li>Venerar a un santo en su fiesta.<\/li>\n\n\n\n<li>Dar limosna (ayudar a los pobres o desamparados).<\/li>\n\n\n\n<li>Visite un cementerio y ore por los muertos.<\/li>\n\n\n\n<li>Recitar laudes y v\u00edsperas del Oficio de Difuntos o la oraci\u00f3n:<\/li>\n<\/ol>\n\n\n\n<h2 class=\"wp-block-heading\"><strong>La Octava de Todos los Santos<\/strong><\/h2>\n\n\n\n<p>Estas indulgencias son aplicables \u00fanicamente a Las Santas Almas del Purgatorio durante la Octava de Todos los Santos (1-8 de noviembre).<\/p>\n\n\n\n<h3 class=\"wp-block-heading\"><strong>Indulgencias Plenarias<\/strong><\/h3>\n\n\n\n<ol class=\"wp-block-list\">\n<li>En cualquier d\u00eda del 1 al 8 de noviembre (Octava de Todos los Santos), visite con devoci\u00f3n un cementerio y ore, aunque solo sea mentalmente, por los difuntos;&nbsp;o<\/li>\n\n\n\n<li>En el D\u00eda de los Muertos, visite con devoci\u00f3n una iglesia u oratorio y recite un Padrenuestro y un Credo.<\/li>\n<\/ol>\n\n\n\n<div style=\"height:45px\" aria-hidden=\"true\" class=\"wp-block-spacer\"><\/div>\n\n\n\n<h3 class=\"wp-block-heading\" id=\"ref\">Referencias<\/h3>\n\n\n\n<hr class=\"wp-block-separator has-alpha-channel-opacity\"\/>\n\n\n<div class=\"wp-block-uagb-faq uagb-faq__outer-wrap uagb-block-81e0bc51 uagb-faq-icon-row uagb-faq-layout-accordion uagb-faq-expand-first-false uagb-faq-inactive-other-true uagb-faq__wrap uagb-buttons-layout-wrap uagb-faq-equal-height     \" data-faqtoggle=\"true\" role=\"tablist\"><div class=\"wp-block-uagb-faq-child uagb-faq-child__outer-wrap uagb-faq-item uagb-block-d2ed1787 \" role=\"tab\" tabindex=\"0\"><div class=\"uagb-faq-questions-button uagb-faq-questions\">\t\t\t<span class=\"uagb-icon uagb-faq-icon-wrap\">\n\t\t\t\t\t\t\t\t<svg xmlns=\"https:\/\/www.w3.org\/2000\/svg\" viewBox= \"0 0 384 512\"><path d=\"M54.63 246.6L192 109.3l137.4 137.4C335.6 252.9 343.8 256 352 256s16.38-3.125 22.62-9.375c12.5-12.5 12.5-32.75 0-45.25l-160-160c-12.5-12.5-32.75-12.5-45.25 0l-160 160c-12.5 12.5-12.5 32.75 0 45.25S42.13 259.1 54.63 246.6zM214.6 233.4c-12.5-12.5-32.75-12.5-45.25 0l-160 160c-12.5 12.5-12.5 32.75 0 45.25s32.75 12.5 45.25 0L192 301.3l137.4 137.4C335.6 444.9 343.8 448 352 448s16.38-3.125 22.62-9.375c12.5-12.5 12.5-32.75 0-45.25L214.6 233.4z\"><\/path><\/svg>\n\t\t\t\t\t\t\t<\/span>\n\t\t\t\t\t\t<span class=\"uagb-icon-active uagb-faq-icon-wrap\">\n\t\t\t\t\t\t\t\t<svg xmlns=\"https:\/\/www.w3.org\/2000\/svg\" viewBox= \"0 0 384 512\"><path d=\"M169.4 278.6C175.6 284.9 183.8 288 192 288s16.38-3.125 22.62-9.375l160-160c12.5-12.5 12.5-32.75 0-45.25s-32.75-12.5-45.25 0L192 210.8L54.63 73.38c-12.5-12.5-32.75-12.5-45.25 0s-12.5 32.75 0 45.25L169.4 278.6zM329.4 265.4L192 402.8L54.63 265.4c-12.5-12.5-32.75-12.5-45.25 0s-12.5 32.75 0 45.25l160 160C175.6 476.9 183.8 480 192 480s16.38-3.125 22.62-9.375l160-160c12.5-12.5 12.5-32.75 0-45.25S341.9 252.9 329.4 265.4z\"><\/path><\/svg>\n\t\t\t\t\t\t\t<\/span>\n\t\t\t<span class=\"uagb-question\">1.  Diario de Santa Faustina #1226<\/span><\/div><div class=\"uagb-faq-content\"><p><em>\u201cHoy, tr\u00e1eme a las almas que est\u00e1n en la c\u00e1rcel del Purgatorio y sum\u00e9rgelas en el abismo de Mi misericordia. Que los torrentes de mi sangre refresquen el ardor del purgatorio. Todas estas almas son muy amadas por M\u00ed. Ellas cumplen con el justo castigo que se debe a Mi justicia. Est\u00e1 en tu poder llevarles alivio. <strong>Haz uso de todas las indulgencias del tesoro de Mi Iglesia y ofr\u00e9celas en su nombre\u2026<\/strong> Oh, si conocieras los tormentos que ellas sufren ofrecer\u00edas continuamente por ellas las limosnas del esp\u00edritu y saldar\u00edas las deudas que tienen con Mi justicia.<\/em><\/p><\/div><\/div><\/div>","protected":false},"excerpt":{"rendered":"<p>Podemos sacar indulgencias del tesoro de la Iglesia para ayudar a Las Santas Almas del Purgatorio.&nbsp;[1] Indulgencias Plenarias Condiciones para la indulgencia plenaria&nbsp;: Estas condiciones pueden cumplirse varios d\u00edas antes&#8230;<\/p>\n","protected":false},"author":2,"featured_media":4085,"parent":592,"menu_order":0,"comment_status":"closed","ping_status":"closed","template":"","meta":{"_uag_custom_page_level_css":"","ub_ctt_via":"","_monsterinsights_skip_tracking":false,"_monsterinsights_sitenote_active":false,"_monsterinsights_sitenote_note":"","_monsterinsights_sitenote_category":0,"_EventAllDay":false,"_EventTimezone":"","_EventStartDate":"","_EventEndDate":"","_EventStartDateUTC":"","_EventEndDateUTC":"","_EventShowMap":false,"_EventShowMapLink":false,"_EventURL":"","_EventCost":"","_EventCostDescription":"","_EventCurrencySymbol":"","_EventCurrencyCode":"","_EventCurrencyPosition":"","_EventDateTimeSeparator":"","_EventTimeRangeSeparator":"","_EventOrganizerID":[],"_EventVenueID":[],"_OrganizerEmail":"","_OrganizerPhone":"","_OrganizerWebsite":"","_VenueAddress":"","_VenueCity":"","_VenueCountry":"","_VenueProvince":"","_VenueState":"","_VenueZip":"","_VenuePhone":"","_VenueURL":"","_VenueStateProvince":"","_VenueLat":"","_VenueLng":"","_VenueShowMap":false,"_VenueShowMapLink":false,"footnotes":""},"categories":[],"tags":[],"class_list":["post-575","page","type-page","status-publish","has-post-thumbnail","hentry"],"featured_image_src":"https:\/\/rumboalcielo.org\/las-benditas-almas-del-purgatorio\/wp-content\/uploads\/2024\/05\/Untitled-design-2.png","yoast_head":"<!-- This site is optimized with the Yoast SEO plugin v23.8 - https:\/\/yoast.com\/wordpress\/plugins\/seo\/ -->\n<title>Indulgencias - RUMBO AL CIELO<\/title>\n<meta name=\"robots\" content=\"index, follow, max-snippet:-1, max-image-preview:large, max-video-preview:-1\" \/>\n<link rel=\"canonical\" href=\"https:\/\/rumboalcielo.org\/las-benditas-almas-del-purgatorio\/como-ayudar-a-las-benditas-almas-del-purgatorio\/indulgencias-para-las-santas-almas\/\" \/>\n<meta property=\"og:locale\" content=\"es_ES\" \/>\n<meta property=\"og:type\" content=\"article\" \/>\n<meta property=\"og:title\" content=\"Indulgencias - RUMBO AL CIELO\" \/>\n<meta property=\"og:description\" content=\"Podemos sacar indulgencias del tesoro de la Iglesia para ayudar a Las Santas Almas del Purgatorio.&nbsp;[1] Indulgencias Plenarias Condiciones para la indulgencia plenaria&nbsp;: Estas condiciones pueden cumplirse varios d\u00edas antes...\" \/>\n<meta property=\"og:url\" content=\"https:\/\/rumboalcielo.org\/las-benditas-almas-del-purgatorio\/como-ayudar-a-las-benditas-almas-del-purgatorio\/indulgencias-para-las-santas-almas\/\" \/>\n<meta property=\"og:site_name\" content=\"RUMBO AL CIELO\" \/>\n<meta property=\"article:modified_time\" content=\"2024-05-28T13:28:48+00:00\" \/>\n<meta property=\"og:image\" content=\"https:\/\/rumboalcielo.org\/las-benditas-almas-del-purgatorio\/wp-content\/uploads\/2024\/05\/Untitled-design-2.png\" \/>\n\t<meta property=\"og:image:width\" content=\"1000\" \/>\n\t<meta property=\"og:image:height\" content=\"250\" \/>\n\t<meta property=\"og:image:type\" content=\"image\/png\" \/>\n<meta name=\"twitter:card\" content=\"summary_large_image\" \/>\n<meta name=\"twitter:label1\" content=\"Tiempo de lectura\" \/>\n\t<meta name=\"twitter:data1\" content=\"2 minutos\" \/>\n<script type=\"application\/ld+json\" class=\"yoast-schema-graph\">{\"@context\":\"https:\/\/schema.org\",\"@graph\":[{\"@type\":\"WebPage\",\"@id\":\"https:\/\/rumboalcielo.org\/las-benditas-almas-del-purgatorio\/como-ayudar-a-las-benditas-almas-del-purgatorio\/indulgencias-para-las-santas-almas\/\",\"url\":\"https:\/\/rumboalcielo.org\/las-benditas-almas-del-purgatorio\/como-ayudar-a-las-benditas-almas-del-purgatorio\/indulgencias-para-las-santas-almas\/\",\"name\":\"Indulgencias - RUMBO AL CIELO\",\"isPartOf\":{\"@id\":\"https:\/\/rumboalcielo.org\/las-benditas-almas-del-purgatorio\/#website\"},\"primaryImageOfPage\":{\"@id\":\"https:\/\/rumboalcielo.org\/las-benditas-almas-del-purgatorio\/como-ayudar-a-las-benditas-almas-del-purgatorio\/indulgencias-para-las-santas-almas\/#primaryimage\"},\"image\":{\"@id\":\"https:\/\/rumboalcielo.org\/las-benditas-almas-del-purgatorio\/como-ayudar-a-las-benditas-almas-del-purgatorio\/indulgencias-para-las-santas-almas\/#primaryimage\"},\"thumbnailUrl\":\"https:\/\/rumboalcielo.org\/las-benditas-almas-del-purgatorio\/wp-content\/uploads\/2024\/05\/Untitled-design-2.png\",\"datePublished\":\"2023-04-12T20:26:53+00:00\",\"dateModified\":\"2024-05-28T13:28:48+00:00\",\"breadcrumb\":{\"@id\":\"https:\/\/rumboalcielo.org\/las-benditas-almas-del-purgatorio\/como-ayudar-a-las-benditas-almas-del-purgatorio\/indulgencias-para-las-santas-almas\/#breadcrumb\"},\"inLanguage\":\"es\",\"potentialAction\":[{\"@type\":\"ReadAction\",\"target\":[\"https:\/\/rumboalcielo.org\/las-benditas-almas-del-purgatorio\/como-ayudar-a-las-benditas-almas-del-purgatorio\/indulgencias-para-las-santas-almas\/\"]}]},{\"@type\":\"ImageObject\",\"inLanguage\":\"es\",\"@id\":\"https:\/\/rumboalcielo.org\/las-benditas-almas-del-purgatorio\/como-ayudar-a-las-benditas-almas-del-purgatorio\/indulgencias-para-las-santas-almas\/#primaryimage\",\"url\":\"https:\/\/rumboalcielo.org\/las-benditas-almas-del-purgatorio\/wp-content\/uploads\/2024\/05\/Untitled-design-2.png\",\"contentUrl\":\"https:\/\/rumboalcielo.org\/las-benditas-almas-del-purgatorio\/wp-content\/uploads\/2024\/05\/Untitled-design-2.png\",\"width\":1000,\"height\":250},{\"@type\":\"BreadcrumbList\",\"@id\":\"https:\/\/rumboalcielo.org\/las-benditas-almas-del-purgatorio\/como-ayudar-a-las-benditas-almas-del-purgatorio\/indulgencias-para-las-santas-almas\/#breadcrumb\",\"itemListElement\":[{\"@type\":\"ListItem\",\"position\":1,\"name\":\"COMO AYUDARLAS\",\"item\":\"https:\/\/rumboalcielo.org\/las-benditas-almas-del-purgatorio\/como-ayudar-a-las-benditas-almas-del-purgatorio\/\"},{\"@type\":\"ListItem\",\"position\":2,\"name\":\"Indulgencias\"}]},{\"@type\":\"WebSite\",\"@id\":\"https:\/\/rumboalcielo.org\/las-benditas-almas-del-purgatorio\/#website\",\"url\":\"https:\/\/rumboalcielo.org\/las-benditas-almas-del-purgatorio\/\",\"name\":\"RUMBO AL CIELO\",\"description\":\"LAS BENDITAS ALMAS DEL PURGATORIO\",\"potentialAction\":[{\"@type\":\"SearchAction\",\"target\":{\"@type\":\"EntryPoint\",\"urlTemplate\":\"https:\/\/rumboalcielo.org\/las-benditas-almas-del-purgatorio\/?s={search_term_string}\"},\"query-input\":{\"@type\":\"PropertyValueSpecification\",\"valueRequired\":true,\"valueName\":\"search_term_string\"}}],\"inLanguage\":\"es\"}]}<\/script>\n<!-- \/ Yoast SEO plugin. -->","yoast_head_json":{"title":"Indulgencias - RUMBO AL CIELO","robots":{"index":"index","follow":"follow","max-snippet":"max-snippet:-1","max-image-preview":"max-image-preview:large","max-video-preview":"max-video-preview:-1"},"canonical":"https:\/\/rumboalcielo.org\/las-benditas-almas-del-purgatorio\/como-ayudar-a-las-benditas-almas-del-purgatorio\/indulgencias-para-las-santas-almas\/","og_locale":"es_ES","og_type":"article","og_title":"Indulgencias - RUMBO AL CIELO","og_description":"Podemos sacar indulgencias del tesoro de la Iglesia para ayudar a Las Santas Almas del Purgatorio.&nbsp;[1] Indulgencias Plenarias Condiciones para la indulgencia plenaria&nbsp;: Estas condiciones pueden cumplirse varios d\u00edas antes...","og_url":"https:\/\/rumboalcielo.org\/las-benditas-almas-del-purgatorio\/como-ayudar-a-las-benditas-almas-del-purgatorio\/indulgencias-para-las-santas-almas\/","og_site_name":"RUMBO AL CIELO","article_modified_time":"2024-05-28T13:28:48+00:00","og_image":[{"width":1000,"height":250,"url":"https:\/\/rumboalcielo.org\/las-benditas-almas-del-purgatorio\/wp-content\/uploads\/2024\/05\/Untitled-design-2.png","type":"image\/png"}],"twitter_card":"summary_large_image","twitter_misc":{"Tiempo de lectura":"2 minutos"},"schema":{"@context":"https:\/\/schema.org","@graph":[{"@type":"WebPage","@id":"https:\/\/rumboalcielo.org\/las-benditas-almas-del-purgatorio\/como-ayudar-a-las-benditas-almas-del-purgatorio\/indulgencias-para-las-santas-almas\/","url":"https:\/\/rumboalcielo.org\/las-benditas-almas-del-purgatorio\/como-ayudar-a-las-benditas-almas-del-purgatorio\/indulgencias-para-las-santas-almas\/","name":"Indulgencias - RUMBO AL CIELO","isPartOf":{"@id":"https:\/\/rumboalcielo.org\/las-benditas-almas-del-purgatorio\/#website"},"primaryImageOfPage":{"@id":"https:\/\/rumboalcielo.org\/las-benditas-almas-del-purgatorio\/como-ayudar-a-las-benditas-almas-del-purgatorio\/indulgencias-para-las-santas-almas\/#primaryimage"},"image":{"@id":"https:\/\/rumboalcielo.org\/las-benditas-almas-del-purgatorio\/como-ayudar-a-las-benditas-almas-del-purgatorio\/indulgencias-para-las-santas-almas\/#primaryimage"},"thumbnailUrl":"https:\/\/rumboalcielo.org\/las-benditas-almas-del-purgatorio\/wp-content\/uploads\/2024\/05\/Untitled-design-2.png","datePublished":"2023-04-12T20:26:53+00:00","dateModified":"2024-05-28T13:28:48+00:00","breadcrumb":{"@id":"https:\/\/rumboalcielo.org\/las-benditas-almas-del-purgatorio\/como-ayudar-a-las-benditas-almas-del-purgatorio\/indulgencias-para-las-santas-almas\/#breadcrumb"},"inLanguage":"es","potentialAction":[{"@type":"ReadAction","target":["https:\/\/rumboalcielo.org\/las-benditas-almas-del-purgatorio\/como-ayudar-a-las-benditas-almas-del-purgatorio\/indulgencias-para-las-santas-almas\/"]}]},{"@type":"ImageObject","inLanguage":"es","@id":"https:\/\/rumboalcielo.org\/las-benditas-almas-del-purgatorio\/como-ayudar-a-las-benditas-almas-del-purgatorio\/indulgencias-para-las-santas-almas\/#primaryimage","url":"https:\/\/rumboalcielo.org\/las-benditas-almas-del-purgatorio\/wp-content\/uploads\/2024\/05\/Untitled-design-2.png","contentUrl":"https:\/\/rumboalcielo.org\/las-benditas-almas-del-purgatorio\/wp-content\/uploads\/2024\/05\/Untitled-design-2.png","width":1000,"height":250},{"@type":"BreadcrumbList","@id":"https:\/\/rumboalcielo.org\/las-benditas-almas-del-purgatorio\/como-ayudar-a-las-benditas-almas-del-purgatorio\/indulgencias-para-las-santas-almas\/#breadcrumb","itemListElement":[{"@type":"ListItem","position":1,"name":"COMO AYUDARLAS","item":"https:\/\/rumboalcielo.org\/las-benditas-almas-del-purgatorio\/como-ayudar-a-las-benditas-almas-del-purgatorio\/"},{"@type":"ListItem","position":2,"name":"Indulgencias"}]},{"@type":"WebSite","@id":"https:\/\/rumboalcielo.org\/las-benditas-almas-del-purgatorio\/#website","url":"https:\/\/rumboalcielo.org\/las-benditas-almas-del-purgatorio\/","name":"RUMBO AL CIELO","description":"LAS BENDITAS ALMAS DEL PURGATORIO","potentialAction":[{"@type":"SearchAction","target":{"@type":"EntryPoint","urlTemplate":"https:\/\/rumboalcielo.org\/las-benditas-almas-del-purgatorio\/?s={search_term_string}"},"query-input":{"@type":"PropertyValueSpecification","valueRequired":true,"valueName":"search_term_string"}}],"inLanguage":"es"}]}},"uagb_featured_image_src":{"full":["https:\/\/rumboalcielo.org\/las-benditas-almas-del-purgatorio\/wp-content\/uploads\/2024\/05\/Untitled-design-2.png",1000,250,false],"thumbnail":["https:\/\/rumboalcielo.org\/las-benditas-almas-del-purgatorio\/wp-content\/uploads\/2024\/05\/Untitled-design-2-150x150.png",150,150,true],"medium":["https:\/\/rumboalcielo.org\/las-benditas-almas-del-purgatorio\/wp-content\/uploads\/2024\/05\/Untitled-design-2-300x75.png",300,75,true],"medium_large":["https:\/\/rumboalcielo.org\/las-benditas-almas-del-purgatorio\/wp-content\/uploads\/2024\/05\/Untitled-design-2-768x192.png",640,160,true],"large":["https:\/\/rumboalcielo.org\/las-benditas-almas-del-purgatorio\/wp-content\/uploads\/2024\/05\/Untitled-design-2.png",640,160,false],"1536x1536":["https:\/\/rumboalcielo.org\/las-benditas-almas-del-purgatorio\/wp-content\/uploads\/2024\/05\/Untitled-design-2.png",1000,250,false],"2048x2048":["https:\/\/rumboalcielo.org\/las-benditas-almas-del-purgatorio\/wp-content\/uploads\/2024\/05\/Untitled-design-2.png",1000,250,false],"post-thumbnail":["https:\/\/rumboalcielo.org\/las-benditas-almas-del-purgatorio\/wp-content\/uploads\/2024\/05\/Untitled-design-2-300x75.png",300,75,true],"minimalistblogger-grid":["https:\/\/rumboalcielo.org\/las-benditas-almas-del-purgatorio\/wp-content\/uploads\/2024\/05\/Untitled-design-2-350x230.png",350,230,true],"minimalistblogger-slider":["https:\/\/rumboalcielo.org\/las-benditas-almas-del-purgatorio\/wp-content\/uploads\/2024\/05\/Untitled-design-2-850x213.png",850,213,true],"minimalistblogger-small":["https:\/\/rumboalcielo.org\/las-benditas-almas-del-purgatorio\/wp-content\/uploads\/2024\/05\/Untitled-design-2-300x180.png",300,180,true]},"uagb_author_info":{"display_name":"Josue","author_link":"https:\/\/rumboalcielo.org\/las-benditas-almas-del-purgatorio\/author\/josuelinked\/"},"uagb_comment_info":0,"uagb_excerpt":"Podemos sacar indulgencias del tesoro de la Iglesia para ayudar a Las Santas Almas del Purgatorio.&nbsp;[1] Indulgencias Plenarias Condiciones para la indulgencia plenaria&nbsp;: Estas condiciones pueden cumplirse varios d\u00edas antes...","_links":{"self":[{"href":"https:\/\/rumboalcielo.org\/las-benditas-almas-del-purgatorio\/wp-json\/wp\/v2\/pages\/575","targetHints":{"allow":["GET"]}}],"collection":[{"href":"https:\/\/rumboalcielo.org\/las-benditas-almas-del-purgatorio\/wp-json\/wp\/v2\/pages"}],"about":[{"href":"https:\/\/rumboalcielo.org\/las-benditas-almas-del-purgatorio\/wp-json\/wp\/v2\/types\/page"}],"author":[{"embeddable":true,"href":"https:\/\/rumboalcielo.org\/las-benditas-almas-del-purgatorio\/wp-json\/wp\/v2\/users\/2"}],"replies":[{"embeddable":true,"href":"https:\/\/rumboalcielo.org\/las-benditas-almas-del-purgatorio\/wp-json\/wp\/v2\/comments?post=575"}],"version-history":[{"count":15,"href":"https:\/\/rumboalcielo.org\/las-benditas-almas-del-purgatorio\/wp-json\/wp\/v2\/pages\/575\/revisions"}],"predecessor-version":[{"id":4099,"href":"https:\/\/rumboalcielo.org\/las-benditas-almas-del-purgatorio\/wp-json\/wp\/v2\/pages\/575\/revisions\/4099"}],"up":[{"embeddable":true,"href":"https:\/\/rumboalcielo.org\/las-benditas-almas-del-purgatorio\/wp-json\/wp\/v2\/pages\/592"}],"wp:featuredmedia":[{"embeddable":true,"href":"https:\/\/rumboalcielo.org\/las-benditas-almas-del-purgatorio\/wp-json\/wp\/v2\/media\/4085"}],"wp:attachment":[{"href":"https:\/\/rumboalcielo.org\/las-benditas-almas-del-purgatorio\/wp-json\/wp\/v2\/media?parent=575"}],"wp:term":[{"taxonomy":"category","embeddable":true,"href":"https:\/\/rumboalcielo.org\/las-benditas-almas-del-purgatorio\/wp-json\/wp\/v2\/categories?post=575"},{"taxonomy":"post_tag","embeddable":true,"href":"https:\/\/rumboalcielo.org\/las-benditas-almas-del-purgatorio\/wp-json\/wp\/v2\/tags?post=575"}],"curies":[{"name":"wp","href":"https:\/\/api.w.org\/{rel}","templated":true}]}}