

{"id":592,"date":"2023-04-19T20:33:51","date_gmt":"2023-04-19T20:33:51","guid":{"rendered":"https:\/\/rumboalcielo.org\/las-benditas-almas-del-purgatorio\/?page_id=592"},"modified":"2024-05-28T13:15:39","modified_gmt":"2024-05-28T13:15:39","slug":"como-ayudar-a-las-benditas-almas-del-purgatorio","status":"publish","type":"page","link":"https:\/\/rumboalcielo.org\/las-benditas-almas-del-purgatorio\/como-ayudar-a-las-benditas-almas-del-purgatorio\/","title":{"rendered":"COMO AYUDARLAS"},"content":{"rendered":"\n<hr class=\"wp-block-separator has-alpha-channel-opacity\"\/>\n\n\n\n<h3 class=\"wp-block-heading\"><strong>Las  Benditas Almas necesitan de nuestra ayuda<\/strong><\/h3>\n\n\n\n<p>Podemos ayudar a las Benditas Almas con nuestros sufragios;&nbsp;Misas, oraciones o actos de piedad ofrecidos por los vivos en honor de los difuntos.&nbsp;<sup><a href=\"https:\/\/rumboalcielo.org\/las-benditas-almas-del-purgatorio\/como-ayudar-a-las-benditas-almas-del-purgatorio\/#C-1032\">[1]<\/a><\/sup><\/p>\n\n\n\n<h3 class=\"wp-block-heading\"><strong>Lista se sufragios para ayudar a las Benditas Almas:<\/strong><\/h3>\n\n\n\n<ul class=\"wp-block-list\">\n<li>Ofrecer la Santa Misa.<\/li>\n\n\n\n<li>Rezar el Santo Rosario.<\/li>\n\n\n\n<li>Rezar el Santo V\u00eda Crucis.&nbsp;<\/li>\n\n\n\n<li>Conseguir indulgencias.<\/li>\n\n\n\n<li>Rezar la Coronilla a la Divina Misericordia o otras devociones, jaculatorias, y otras oraciones.<\/li>\n\n\n\n<li>Dar limosna.<\/li>\n\n\n\n<li>Ofrecer el sufrimiento y sacrificio f\u00edsico o espiritual.<\/li>\n\n\n\n<li>Ofreser buenas obras.<\/li>\n\n\n\n<li>Encender velas, especialmente si estan bendecidas.<\/li>\n\n\n\n<li>Rociar (esparcir)&nbsp;agua bendita.<\/li>\n<\/ul>\n\n\n\n<div style=\"height:45px\" aria-hidden=\"true\" class=\"wp-block-spacer\"><\/div>\n\n\n\n<h3 class=\"wp-block-heading\" id=\"ref\">Referencias<\/h3>\n\n\n\n<hr class=\"wp-block-separator has-alpha-channel-opacity\"\/>\n\n\n<div class=\"wp-block-uagb-faq uagb-faq__outer-wrap uagb-block-81e0bc51 uagb-faq-icon-row uagb-faq-layout-accordion uagb-faq-expand-first-false uagb-faq-inactive-other-true uagb-faq__wrap uagb-buttons-layout-wrap uagb-faq-equal-height     \" data-faqtoggle=\"true\" role=\"tablist\"><div class=\"wp-block-uagb-faq-child uagb-faq-child__outer-wrap uagb-faq-item uagb-block-eea59c37 \" role=\"tab\" tabindex=\"0\"><div class=\"uagb-faq-questions-button uagb-faq-questions\">\t\t\t<span class=\"uagb-icon uagb-faq-icon-wrap\">\n\t\t\t\t\t\t\t\t<svg xmlns=\"https:\/\/www.w3.org\/2000\/svg\" viewBox= \"0 0 384 512\"><path d=\"M54.63 246.6L192 109.3l137.4 137.4C335.6 252.9 343.8 256 352 256s16.38-3.125 22.62-9.375c12.5-12.5 12.5-32.75 0-45.25l-160-160c-12.5-12.5-32.75-12.5-45.25 0l-160 160c-12.5 12.5-12.5 32.75 0 45.25S42.13 259.1 54.63 246.6zM214.6 233.4c-12.5-12.5-32.75-12.5-45.25 0l-160 160c-12.5 12.5-12.5 32.75 0 45.25s32.75 12.5 45.25 0L192 301.3l137.4 137.4C335.6 444.9 343.8 448 352 448s16.38-3.125 22.62-9.375c12.5-12.5 12.5-32.75 0-45.25L214.6 233.4z\"><\/path><\/svg>\n\t\t\t\t\t\t\t<\/span>\n\t\t\t\t\t\t<span class=\"uagb-icon-active uagb-faq-icon-wrap\">\n\t\t\t\t\t\t\t\t<svg xmlns=\"https:\/\/www.w3.org\/2000\/svg\" viewBox= \"0 0 384 512\"><path d=\"M169.4 278.6C175.6 284.9 183.8 288 192 288s16.38-3.125 22.62-9.375l160-160c12.5-12.5 12.5-32.75 0-45.25s-32.75-12.5-45.25 0L192 210.8L54.63 73.38c-12.5-12.5-32.75-12.5-45.25 0s-12.5 32.75 0 45.25L169.4 278.6zM329.4 265.4L192 402.8L54.63 265.4c-12.5-12.5-32.75-12.5-45.25 0s-12.5 32.75 0 45.25l160 160C175.6 476.9 183.8 480 192 480s16.38-3.125 22.62-9.375l160-160c12.5-12.5 12.5-32.75 0-45.25S341.9 252.9 329.4 265.4z\"><\/path><\/svg>\n\t\t\t\t\t\t\t<\/span>\n\t\t\t<span class=\"uagb-question\">1. <a href=\"https:\/\/www.vatican.va\/archive\/catechism_sp\/p123a12_sp.html\"><\/a><a href=\"https:\/\/www.vatican.va\/archive\/catechism_sp\/p123a12_sp.html\">Catecismo de la Iglesia Cat\u00f3lica #1<\/a><a href=\"https:\/\/www.vatican.va\/archive\/catechism_sp\/p123a12_sp.html\" target=\"_blank\" rel=\"noreferrer noopener\">0<\/a><a href=\"https:\/\/www.vatican.va\/archive\/catechism_sp\/p123a12_sp.html\">32<\/a><\/span><\/div><div class=\"uagb-faq-content\"><p>Esta ense\u00f1anza se apoya tambi\u00e9n en la pr\u00e1ctica de la oraci\u00f3n por los difuntos, de la que ya habla la Escritura: \u00abPor eso mand\u00f3 [Judas Macabeo] hacer este sacrificio expiatorio en favor de los muertos, para que quedaran liberados del pecado\u00bb (<em>2 M<\/em>\u00a012, 46). Desde los primeros tiempos, la Iglesia ha honrado la memoria de los difuntos y ha ofrecido sufragios en su favor, en particular el sacrificio eucar\u00edstico (cf. DS 856), para que, una vez purificados, puedan llegar a la visi\u00f3n beat\u00edfica de Dios. La Iglesia tambi\u00e9n recomienda las limosnas, las indulgencias y las obras de penitencia en favor de los difuntos:<br><em>\u00abLlev\u00e9mosles socorros y hagamos su conmemoraci\u00f3n. Si los hijos de Job fueron purificados por el sacrificio de su padre (cf.\u00a0Jb\u00a01, 5), \u00bfpor qu\u00e9 habr\u00edamos de dudar de que nuestras ofrendas por los muertos les lleven un cierto consuelo? [\u2026] No dudemos, pues, en socorrer a los que han partido y en ofrecer nuestras plegarias por ellos\u00bb (San Juan Cris\u00f3stomo,\u00a0In epistulam I ad Corinthios\u00a0homilia 41, 5).<\/em><\/p><\/div><\/div><\/div>","protected":false},"excerpt":{"rendered":"<p>Las Benditas Almas necesitan de nuestra ayuda Podemos ayudar a las Benditas Almas con nuestros sufragios;&nbsp;Misas, oraciones o actos de piedad ofrecidos por los vivos en honor de los difuntos.&nbsp;[1]&#8230;<\/p>\n","protected":false},"author":2,"featured_media":3957,"parent":0,"menu_order":0,"comment_status":"closed","ping_status":"closed","template":"","meta":{"_uag_custom_page_level_css":"","ub_ctt_via":"","_monsterinsights_skip_tracking":false,"_monsterinsights_sitenote_active":false,"_monsterinsights_sitenote_note":"","_monsterinsights_sitenote_category":0,"_EventAllDay":false,"_EventTimezone":"","_EventStartDate":"","_EventEndDate":"","_EventStartDateUTC":"","_EventEndDateUTC":"","_EventShowMap":false,"_EventShowMapLink":false,"_EventURL":"","_EventCost":"","_EventCostDescription":"","_EventCurrencySymbol":"","_EventCurrencyCode":"","_EventCurrencyPosition":"","_EventDateTimeSeparator":"","_EventTimeRangeSeparator":"","_EventOrganizerID":[],"_EventVenueID":[],"_OrganizerEmail":"","_OrganizerPhone":"","_OrganizerWebsite":"","_VenueAddress":"","_VenueCity":"","_VenueCountry":"","_VenueProvince":"","_VenueState":"","_VenueZip":"","_VenuePhone":"","_VenueURL":"","_VenueStateProvince":"","_VenueLat":"","_VenueLng":"","_VenueShowMap":false,"_VenueShowMapLink":false,"footnotes":""},"categories":[],"tags":[],"class_list":["post-592","page","type-page","status-publish","has-post-thumbnail","hentry"],"featured_image_src":"https:\/\/rumboalcielo.org\/las-benditas-almas-del-purgatorio\/wp-content\/uploads\/2024\/05\/2.png","yoast_head":"<!-- This site is optimized with the Yoast SEO plugin v23.8 - https:\/\/yoast.com\/wordpress\/plugins\/seo\/ -->\n<title>COMO AYUDARLAS - RUMBO AL CIELO<\/title>\n<meta name=\"robots\" content=\"index, follow, max-snippet:-1, max-image-preview:large, max-video-preview:-1\" \/>\n<link rel=\"canonical\" href=\"https:\/\/rumboalcielo.org\/las-benditas-almas-del-purgatorio\/como-ayudar-a-las-benditas-almas-del-purgatorio\/\" \/>\n<meta property=\"og:locale\" content=\"es_ES\" \/>\n<meta property=\"og:type\" content=\"article\" \/>\n<meta property=\"og:title\" content=\"COMO AYUDARLAS - RUMBO AL CIELO\" \/>\n<meta property=\"og:description\" content=\"Las Benditas Almas necesitan de nuestra ayuda Podemos ayudar a las Benditas Almas con nuestros sufragios;&nbsp;Misas, oraciones o actos de piedad ofrecidos por los vivos en honor de los difuntos.&nbsp;[1]...\" \/>\n<meta property=\"og:url\" content=\"https:\/\/rumboalcielo.org\/las-benditas-almas-del-purgatorio\/como-ayudar-a-las-benditas-almas-del-purgatorio\/\" \/>\n<meta property=\"og:site_name\" content=\"RUMBO AL CIELO\" \/>\n<meta property=\"article:modified_time\" content=\"2024-05-28T13:15:39+00:00\" \/>\n<meta property=\"og:image\" content=\"https:\/\/rumboalcielo.org\/las-benditas-almas-del-purgatorio\/wp-content\/uploads\/2024\/05\/2.png\" \/>\n\t<meta property=\"og:image:width\" content=\"1920\" \/>\n\t<meta property=\"og:image:height\" content=\"1080\" \/>\n\t<meta property=\"og:image:type\" content=\"image\/png\" \/>\n<meta name=\"twitter:card\" content=\"summary_large_image\" \/>\n<meta name=\"twitter:label1\" content=\"Tiempo de lectura\" \/>\n\t<meta name=\"twitter:data1\" content=\"3 minutos\" \/>\n<script type=\"application\/ld+json\" class=\"yoast-schema-graph\">{\"@context\":\"https:\/\/schema.org\",\"@graph\":[{\"@type\":\"WebPage\",\"@id\":\"https:\/\/rumboalcielo.org\/las-benditas-almas-del-purgatorio\/como-ayudar-a-las-benditas-almas-del-purgatorio\/\",\"url\":\"https:\/\/rumboalcielo.org\/las-benditas-almas-del-purgatorio\/como-ayudar-a-las-benditas-almas-del-purgatorio\/\",\"name\":\"COMO AYUDARLAS - RUMBO AL CIELO\",\"isPartOf\":{\"@id\":\"https:\/\/rumboalcielo.org\/las-benditas-almas-del-purgatorio\/#website\"},\"primaryImageOfPage\":{\"@id\":\"https:\/\/rumboalcielo.org\/las-benditas-almas-del-purgatorio\/como-ayudar-a-las-benditas-almas-del-purgatorio\/#primaryimage\"},\"image\":{\"@id\":\"https:\/\/rumboalcielo.org\/las-benditas-almas-del-purgatorio\/como-ayudar-a-las-benditas-almas-del-purgatorio\/#primaryimage\"},\"thumbnailUrl\":\"https:\/\/rumboalcielo.org\/las-benditas-almas-del-purgatorio\/wp-content\/uploads\/2024\/05\/2.png\",\"datePublished\":\"2023-04-19T20:33:51+00:00\",\"dateModified\":\"2024-05-28T13:15:39+00:00\",\"inLanguage\":\"es\",\"potentialAction\":[{\"@type\":\"ReadAction\",\"target\":[\"https:\/\/rumboalcielo.org\/las-benditas-almas-del-purgatorio\/como-ayudar-a-las-benditas-almas-del-purgatorio\/\"]}]},{\"@type\":\"ImageObject\",\"inLanguage\":\"es\",\"@id\":\"https:\/\/rumboalcielo.org\/las-benditas-almas-del-purgatorio\/como-ayudar-a-las-benditas-almas-del-purgatorio\/#primaryimage\",\"url\":\"https:\/\/rumboalcielo.org\/las-benditas-almas-del-purgatorio\/wp-content\/uploads\/2024\/05\/2.png\",\"contentUrl\":\"https:\/\/rumboalcielo.org\/las-benditas-almas-del-purgatorio\/wp-content\/uploads\/2024\/05\/2.png\",\"width\":1920,\"height\":1080},{\"@type\":\"WebSite\",\"@id\":\"https:\/\/rumboalcielo.org\/las-benditas-almas-del-purgatorio\/#website\",\"url\":\"https:\/\/rumboalcielo.org\/las-benditas-almas-del-purgatorio\/\",\"name\":\"RUMBO AL CIELO\",\"description\":\"LAS BENDITAS ALMAS DEL PURGATORIO\",\"potentialAction\":[{\"@type\":\"SearchAction\",\"target\":{\"@type\":\"EntryPoint\",\"urlTemplate\":\"https:\/\/rumboalcielo.org\/las-benditas-almas-del-purgatorio\/?s={search_term_string}\"},\"query-input\":{\"@type\":\"PropertyValueSpecification\",\"valueRequired\":true,\"valueName\":\"search_term_string\"}}],\"inLanguage\":\"es\"}]}<\/script>\n<!-- \/ Yoast SEO plugin. -->","yoast_head_json":{"title":"COMO AYUDARLAS - RUMBO AL CIELO","robots":{"index":"index","follow":"follow","max-snippet":"max-snippet:-1","max-image-preview":"max-image-preview:large","max-video-preview":"max-video-preview:-1"},"canonical":"https:\/\/rumboalcielo.org\/las-benditas-almas-del-purgatorio\/como-ayudar-a-las-benditas-almas-del-purgatorio\/","og_locale":"es_ES","og_type":"article","og_title":"COMO AYUDARLAS - RUMBO AL CIELO","og_description":"Las Benditas Almas necesitan de nuestra ayuda Podemos ayudar a las Benditas Almas con nuestros sufragios;&nbsp;Misas, oraciones o actos de piedad ofrecidos por los vivos en honor de los difuntos.&nbsp;[1]...","og_url":"https:\/\/rumboalcielo.org\/las-benditas-almas-del-purgatorio\/como-ayudar-a-las-benditas-almas-del-purgatorio\/","og_site_name":"RUMBO AL CIELO","article_modified_time":"2024-05-28T13:15:39+00:00","og_image":[{"width":1920,"height":1080,"url":"https:\/\/rumboalcielo.org\/las-benditas-almas-del-purgatorio\/wp-content\/uploads\/2024\/05\/2.png","type":"image\/png"}],"twitter_card":"summary_large_image","twitter_misc":{"Tiempo de lectura":"3 minutos"},"schema":{"@context":"https:\/\/schema.org","@graph":[{"@type":"WebPage","@id":"https:\/\/rumboalcielo.org\/las-benditas-almas-del-purgatorio\/como-ayudar-a-las-benditas-almas-del-purgatorio\/","url":"https:\/\/rumboalcielo.org\/las-benditas-almas-del-purgatorio\/como-ayudar-a-las-benditas-almas-del-purgatorio\/","name":"COMO AYUDARLAS - RUMBO AL CIELO","isPartOf":{"@id":"https:\/\/rumboalcielo.org\/las-benditas-almas-del-purgatorio\/#website"},"primaryImageOfPage":{"@id":"https:\/\/rumboalcielo.org\/las-benditas-almas-del-purgatorio\/como-ayudar-a-las-benditas-almas-del-purgatorio\/#primaryimage"},"image":{"@id":"https:\/\/rumboalcielo.org\/las-benditas-almas-del-purgatorio\/como-ayudar-a-las-benditas-almas-del-purgatorio\/#primaryimage"},"thumbnailUrl":"https:\/\/rumboalcielo.org\/las-benditas-almas-del-purgatorio\/wp-content\/uploads\/2024\/05\/2.png","datePublished":"2023-04-19T20:33:51+00:00","dateModified":"2024-05-28T13:15:39+00:00","inLanguage":"es","potentialAction":[{"@type":"ReadAction","target":["https:\/\/rumboalcielo.org\/las-benditas-almas-del-purgatorio\/como-ayudar-a-las-benditas-almas-del-purgatorio\/"]}]},{"@type":"ImageObject","inLanguage":"es","@id":"https:\/\/rumboalcielo.org\/las-benditas-almas-del-purgatorio\/como-ayudar-a-las-benditas-almas-del-purgatorio\/#primaryimage","url":"https:\/\/rumboalcielo.org\/las-benditas-almas-del-purgatorio\/wp-content\/uploads\/2024\/05\/2.png","contentUrl":"https:\/\/rumboalcielo.org\/las-benditas-almas-del-purgatorio\/wp-content\/uploads\/2024\/05\/2.png","width":1920,"height":1080},{"@type":"WebSite","@id":"https:\/\/rumboalcielo.org\/las-benditas-almas-del-purgatorio\/#website","url":"https:\/\/rumboalcielo.org\/las-benditas-almas-del-purgatorio\/","name":"RUMBO AL CIELO","description":"LAS BENDITAS ALMAS DEL PURGATORIO","potentialAction":[{"@type":"SearchAction","target":{"@type":"EntryPoint","urlTemplate":"https:\/\/rumboalcielo.org\/las-benditas-almas-del-purgatorio\/?s={search_term_string}"},"query-input":{"@type":"PropertyValueSpecification","valueRequired":true,"valueName":"search_term_string"}}],"inLanguage":"es"}]}},"uagb_featured_image_src":{"full":["https:\/\/rumboalcielo.org\/las-benditas-almas-del-purgatorio\/wp-content\/uploads\/2024\/05\/2.png",1920,1080,false],"thumbnail":["https:\/\/rumboalcielo.org\/las-benditas-almas-del-purgatorio\/wp-content\/uploads\/2024\/05\/2-150x150.png",150,150,true],"medium":["https:\/\/rumboalcielo.org\/las-benditas-almas-del-purgatorio\/wp-content\/uploads\/2024\/05\/2-300x169.png",300,169,true],"medium_large":["https:\/\/rumboalcielo.org\/las-benditas-almas-del-purgatorio\/wp-content\/uploads\/2024\/05\/2-768x432.png",640,360,true],"large":["https:\/\/rumboalcielo.org\/las-benditas-almas-del-purgatorio\/wp-content\/uploads\/2024\/05\/2-1024x576.png",640,360,true],"1536x1536":["https:\/\/rumboalcielo.org\/las-benditas-almas-del-purgatorio\/wp-content\/uploads\/2024\/05\/2-1536x864.png",1536,864,true],"2048x2048":["https:\/\/rumboalcielo.org\/las-benditas-almas-del-purgatorio\/wp-content\/uploads\/2024\/05\/2.png",1920,1080,false],"post-thumbnail":["https:\/\/rumboalcielo.org\/las-benditas-almas-del-purgatorio\/wp-content\/uploads\/2024\/05\/2-300x169.png",300,169,true],"minimalistblogger-grid":["https:\/\/rumboalcielo.org\/las-benditas-almas-del-purgatorio\/wp-content\/uploads\/2024\/05\/2-350x230.png",350,230,true],"minimalistblogger-slider":["https:\/\/rumboalcielo.org\/las-benditas-almas-del-purgatorio\/wp-content\/uploads\/2024\/05\/2-850x478.png",850,478,true],"minimalistblogger-small":["https:\/\/rumboalcielo.org\/las-benditas-almas-del-purgatorio\/wp-content\/uploads\/2024\/05\/2-300x180.png",300,180,true]},"uagb_author_info":{"display_name":"Josue","author_link":"https:\/\/rumboalcielo.org\/las-benditas-almas-del-purgatorio\/author\/josuelinked\/"},"uagb_comment_info":0,"uagb_excerpt":"Las Benditas Almas necesitan de nuestra ayuda Podemos ayudar a las Benditas Almas con nuestros sufragios;&nbsp;Misas, oraciones o actos de piedad ofrecidos por los vivos en honor de los difuntos.&nbsp;[1]...","_links":{"self":[{"href":"https:\/\/rumboalcielo.org\/las-benditas-almas-del-purgatorio\/wp-json\/wp\/v2\/pages\/592","targetHints":{"allow":["GET"]}}],"collection":[{"href":"https:\/\/rumboalcielo.org\/las-benditas-almas-del-purgatorio\/wp-json\/wp\/v2\/pages"}],"about":[{"href":"https:\/\/rumboalcielo.org\/las-benditas-almas-del-purgatorio\/wp-json\/wp\/v2\/types\/page"}],"author":[{"embeddable":true,"href":"https:\/\/rumboalcielo.org\/las-benditas-almas-del-purgatorio\/wp-json\/wp\/v2\/users\/2"}],"replies":[{"embeddable":true,"href":"https:\/\/rumboalcielo.org\/las-benditas-almas-del-purgatorio\/wp-json\/wp\/v2\/comments?post=592"}],"version-history":[{"count":49,"href":"https:\/\/rumboalcielo.org\/las-benditas-almas-del-purgatorio\/wp-json\/wp\/v2\/pages\/592\/revisions"}],"predecessor-version":[{"id":4084,"href":"https:\/\/rumboalcielo.org\/las-benditas-almas-del-purgatorio\/wp-json\/wp\/v2\/pages\/592\/revisions\/4084"}],"wp:featuredmedia":[{"embeddable":true,"href":"https:\/\/rumboalcielo.org\/las-benditas-almas-del-purgatorio\/wp-json\/wp\/v2\/media\/3957"}],"wp:attachment":[{"href":"https:\/\/rumboalcielo.org\/las-benditas-almas-del-purgatorio\/wp-json\/wp\/v2\/media?parent=592"}],"wp:term":[{"taxonomy":"category","embeddable":true,"href":"https:\/\/rumboalcielo.org\/las-benditas-almas-del-purgatorio\/wp-json\/wp\/v2\/categories?post=592"},{"taxonomy":"post_tag","embeddable":true,"href":"https:\/\/rumboalcielo.org\/las-benditas-almas-del-purgatorio\/wp-json\/wp\/v2\/tags?post=592"}],"curies":[{"name":"wp","href":"https:\/\/api.w.org\/{rel}","templated":true}]}}